{"id":1146,"date":"2023-05-23T12:33:13","date_gmt":"2023-05-23T10:33:13","guid":{"rendered":"https:\/\/kinderwunschzentrum-karlsruhe.de\/histoire\/"},"modified":"2025-08-05T14:09:28","modified_gmt":"2025-08-05T12:09:28","slug":"histoire","status":"publish","type":"page","link":"https:\/\/kinderwunschzentrum-karlsruhe.de\/fr\/histoire\/","title":{"rendered":"Histoire"},"content":{"rendered":"<p>[et_pb_section fb_built=\u00a0\u00bb1&Prime; _builder_version=\u00a0\u00bb4.23.1&Prime; _module_preset=\u00a0\u00bbdefault\u00a0\u00bb background_image=\u00a0\u00bbhttps:\/\/kinderwunschzentrum-karlsruhe.de\/wp-content\/uploads\/2023\/12\/KiWuZe_kinderwunschzentrum_header_fr.jpg\u00a0\u00bb height=\u00a0\u00bb680px\u00a0\u00bb background_last_edited=\u00a0\u00bbon|desktop\u00a0\u00bb background_image_tablet=\u00a0\u00bbhttps:\/\/kinderwunschzentrum-karlsruhe.de\/wp-content\/uploads\/2023\/12\/KiWuZe_kinderwunschzentrum_header_fr.jpg\u00a0\u00bb background_image_phone=\u00a0\u00bbhttps:\/\/kinderwunschzentrum-karlsruhe.de\/wp-content\/uploads\/2023\/12\/KiWuZe_kinderwunschzentrum_header_mobile_fr.jpg\u00a0\u00bb background_enable_image_tablet=\u00a0\u00bbon\u00a0\u00bb background_enable_image_phone=\u00a0\u00bbon\u00a0\u00bb box_shadow_style=\u00a0\u00bbpreset3&Prime; global_module=\u00a0\u00bb25094402&Prime; saved_tabs=\u00a0\u00bball\u00a0\u00bb global_colors_info=\u00a0\u00bb{}\u00a0\u00bb][\/et_pb_section][et_pb_section fb_built=\u00a0\u00bb1&Prime; _builder_version=\u00a0\u00bb4.21.0&Prime; _module_preset=\u00a0\u00bbdefault\u00a0\u00bb custom_padding=\u00a0\u00bb||||false|false\u00a0\u00bb global_colors_info=\u00a0\u00bb{}\u00a0\u00bb][et_pb_row _builder_version=\u00a0\u00bb4.21.0&Prime; _module_preset=\u00a0\u00bbdefault\u00a0\u00bb global_colors_info=\u00a0\u00bb{}\u00a0\u00bb][et_pb_column type=\u00a0\u00bb4_4&Prime; _builder_version=\u00a0\u00bb4.21.0&Prime; _module_preset=\u00a0\u00bbdefault\u00a0\u00bb global_colors_info=\u00a0\u00bb{}\u00a0\u00bb][et_pb_text content_tablet=\u00a0\u00bb<\/p>\n<h1><strong>Votre \u00e9quipe de fertilit\u00e9<br \/><\/strong><\/h1>\n<p>\u00a0\u00bb content_phone=\u00a0\u00bb<\/p>\n<h1><strong>Votre \u00e9quipe de fertilit\u00e9<br \/><\/strong><\/h1>\n<p>\u00a0\u00bb content_last_edited=\u00a0\u00bboff|desktop\u00a0\u00bb _builder_version=\u00a0\u00bb4.27.4&Prime; _module_preset=\u00a0\u00bbdefault\u00a0\u00bb text_text_color=\u00a0\u00bb#821980&Prime; text_orientation=\u00a0\u00bbcenter\u00a0\u00bb global_colors_info=\u00a0\u00bb{}\u00a0\u00bb]<\/p>\n<h1><strong>Histoire<br \/><\/strong><\/h1>\n<p>[\/et_pb_text][\/et_pb_column][\/et_pb_row][et_pb_row column_structure=\u00a0\u00bb1_2,1_2&Prime; _builder_version=\u00a0\u00bb4.21.0&Prime; _module_preset=\u00a0\u00bbdefault\u00a0\u00bb animation_style=\u00a0\u00bbfade\u00a0\u00bb global_colors_info=\u00a0\u00bb{}\u00a0\u00bb][et_pb_column type=\u00a0\u00bb1_2&Prime; _builder_version=\u00a0\u00bb4.21.0&Prime; _module_preset=\u00a0\u00bbdefault\u00a0\u00bb global_colors_info=\u00a0\u00bb{}\u00a0\u00bb][et_pb_text _builder_version=\u00a0\u00bb4.27.4&Prime; _module_preset=\u00a0\u00bbdefault\u00a0\u00bb header_2_font_size=\u00a0\u00bb22px\u00a0\u00bb hover_enabled=\u00a0\u00bb0&Prime; global_colors_info=\u00a0\u00bb{}\u00a0\u00bb sticky_enabled=\u00a0\u00bb0&Prime;]<\/p>\n<h2><strong>2025<\/strong><\/h2>\n<p>Le site du Centre de fertilit\u00e9 a \u00e9t\u00e9 rendu accessible selon les crit\u00e8res WCAG 2.1 (niveau AA). Il est d\u00e9sormais plus accessible aux personnes en situation de handicap et conforme aux exigences l\u00e9gales actuelles.<\/p>\n<h2><strong>2024<\/strong><\/h2>\n<p>\u00c0 partir du 02.01.2024, le cabinet m\u00e9dical sera transf\u00e9r\u00e9 au Kinderwunschzentrum Karlsruhe MVZ GmbH. G\u00e9rant et directeur m\u00e9dical : H.-J. Gr\u00e4ber.<\/p>\n<h2><strong>2013<\/strong><\/h2>\n<p>L&rsquo;autorisation du Regierungspr\u00e4sidium de Karlsruhe pour l&rsquo;obtention de tissus, le traitement ou la transformation, de tissus ou de pr\u00e9parations de tissus a \u00e9t\u00e9 accord\u00e9e pour les nouveaux locaux du cabinet m\u00e9dical de la Waldstrasse 2 apr\u00e8s inspection. D\u00e9m\u00e9nagement dans de nouveaux locaux dans le centre-ville de Karlsruhe.<\/p>\n<h2><strong>2008<\/strong><\/h2>\n<p>Le Dr F. Tetens a \u00e9t\u00e9 d\u00e9sign\u00e9 par l&rsquo;ESHRE (Soci\u00e9t\u00e9 europ\u00e9enne de reproduction humaine et d&#8217;embryologie) comme Embryologiste clinique senior.<\/p>\n<h2><strong>2007<\/strong><\/h2>\n<p>Reprise du programme de FIV et cr\u00e9ation du centre de fertilit\u00e9 par Hans-J\u00fcrgen Graeber.<\/p>\n<p>[\/et_pb_text][\/et_pb_column][et_pb_column type=\u00a0\u00bb1_2&Prime; _builder_version=\u00a0\u00bb4.21.0&Prime; _module_preset=\u00a0\u00bbdefault\u00a0\u00bb global_colors_info=\u00a0\u00bb{}\u00a0\u00bb][et_pb_image src=\u00a0\u00bbhttps:\/\/kinderwunschzentrum-karlsruhe.de\/wp-content\/uploads\/2024\/10\/Smarter_Kinderwunsch_2_web-1.jpg\u00a0\u00bb alt=\u00a0\u00bbSmart argent\u00e9e avec l&rsquo;inscription \u201cD\u00e9sir d&rsquo;enfant?\u201d, d\u00e9cor\u00e9e d&rsquo;une illustration color\u00e9e d&rsquo;un personnage de f\u00e9e en rose ainsi que de nombreux papillons color\u00e9s. Sur le c\u00f4t\u00e9 se trouve le site www.kinderwunschzentrum-karlsruhe.de. Le v\u00e9hicule sert de support publicitaire ludique et accrocheur au Kinderwunschzentrum Karlsruhe.\u00a0\u00bb title_text=\u00a0\u00bbSmarter_Kinderwunsch_2_web\u00a0\u00bb _builder_version=\u00a0\u00bb4.27.4&Prime; _module_preset=\u00a0\u00bbdefault\u00a0\u00bb border_radii=\u00a0\u00bbon|10px|10px|10px|10px\u00a0\u00bb global_colors_info=\u00a0\u00bb{}\u00a0\u00bb][\/et_pb_image][\/et_pb_column][\/et_pb_row][\/et_pb_section]<\/p>\n","protected":false},"excerpt":{"rendered":"<p>Histoire2025 Le site du Centre de fertilit\u00e9 a \u00e9t\u00e9 rendu accessible selon les crit\u00e8res WCAG 2.1 (niveau AA). Il est d\u00e9sormais plus accessible aux personnes en situation de handicap et conforme aux exigences l\u00e9gales actuelles. 2024 \u00c0 partir du 02.01.2024, le cabinet m\u00e9dical sera transf\u00e9r\u00e9 au Kinderwunschzentrum Karlsruhe MVZ GmbH. G\u00e9rant et directeur m\u00e9dical : [&hellip;]<\/p>\n","protected":false},"author":1,"featured_media":0,"parent":0,"menu_order":0,"comment_status":"closed","ping_status":"closed","template":"","meta":{"_et_pb_use_builder":"on","_et_pb_old_content":"","_et_gb_content_width":"","footnotes":""},"dipi_cpt_category":[],"class_list":["post-1146","page","type-page","status-publish","hentry"],"yoast_head":"<!-- This site is optimized with the Yoast SEO plugin v26.9 - https:\/\/yoast.com\/product\/yoast-seo-wordpress\/ -->\n<title>Histoire - Kinderwunschzentrum Karlsruhe MVZ GmbH<\/title>\n<meta name=\"robots\" content=\"index, follow, max-snippet:-1, max-image-preview:large, max-video-preview:-1\" \/>\n<link rel=\"canonical\" href=\"https:\/\/kinderwunschzentrum-karlsruhe.de\/fr\/histoire\/\" \/>\n<meta property=\"og:locale\" content=\"fr_FR\" \/>\n<meta property=\"og:type\" content=\"article\" \/>\n<meta property=\"og:title\" content=\"Histoire - Kinderwunschzentrum Karlsruhe MVZ GmbH\" \/>\n<meta property=\"og:description\" content=\"Histoire2025 Le site du Centre de fertilit\u00e9 a \u00e9t\u00e9 rendu accessible selon les crit\u00e8res WCAG 2.1 (niveau AA). Il est d\u00e9sormais plus accessible aux personnes en situation de handicap et conforme aux exigences l\u00e9gales actuelles. 2024 \u00c0 partir du 02.01.2024, le cabinet m\u00e9dical sera transf\u00e9r\u00e9 au Kinderwunschzentrum Karlsruhe MVZ GmbH. G\u00e9rant et directeur m\u00e9dical : [&hellip;]\" \/>\n<meta property=\"og:url\" content=\"https:\/\/kinderwunschzentrum-karlsruhe.de\/fr\/histoire\/\" \/>\n<meta property=\"og:site_name\" content=\"Kinderwunschzentrum Karlsruhe MVZ GmbH\" \/>\n<meta property=\"article:publisher\" content=\"https:\/\/www.facebook.com\/profile.php?id=100089849155765\" \/>\n<meta property=\"article:modified_time\" content=\"2025-08-05T12:09:28+00:00\" \/>\n<meta property=\"og:image\" content=\"https:\/\/kinderwunschzentrum-karlsruhe.de\/wp-content\/uploads\/2024\/02\/Logo_KiWuZe.png\" \/>\n\t<meta property=\"og:image:width\" content=\"1080\" \/>\n\t<meta property=\"og:image:height\" content=\"1080\" \/>\n\t<meta property=\"og:image:type\" content=\"image\/png\" \/>\n<meta name=\"twitter:card\" content=\"summary_large_image\" \/>\n<meta name=\"twitter:label1\" content=\"Dur\u00e9e de lecture estim\u00e9e\" \/>\n\t<meta name=\"twitter:data1\" content=\"2 minutes\" \/>\n<script type=\"application\/ld+json\" class=\"yoast-schema-graph\">{\"@context\":\"https:\/\/schema.org\",\"@graph\":[{\"@type\":\"WebPage\",\"@id\":\"https:\/\/kinderwunschzentrum-karlsruhe.de\/fr\/histoire\/\",\"url\":\"https:\/\/kinderwunschzentrum-karlsruhe.de\/fr\/histoire\/\",\"name\":\"Histoire - Kinderwunschzentrum Karlsruhe MVZ GmbH\",\"isPartOf\":{\"@id\":\"https:\/\/kinderwunschzentrum-karlsruhe.de\/#website\"},\"datePublished\":\"2023-05-23T10:33:13+00:00\",\"dateModified\":\"2025-08-05T12:09:28+00:00\",\"breadcrumb\":{\"@id\":\"https:\/\/kinderwunschzentrum-karlsruhe.de\/fr\/histoire\/#breadcrumb\"},\"inLanguage\":\"fr-FR\",\"potentialAction\":[{\"@type\":\"ReadAction\",\"target\":[\"https:\/\/kinderwunschzentrum-karlsruhe.de\/fr\/histoire\/\"]}]},{\"@type\":\"BreadcrumbList\",\"@id\":\"https:\/\/kinderwunschzentrum-karlsruhe.de\/fr\/histoire\/#breadcrumb\",\"itemListElement\":[{\"@type\":\"ListItem\",\"position\":1,\"name\":\"Startseite\",\"item\":\"https:\/\/kinderwunschzentrum-karlsruhe.de\/fr\/\"},{\"@type\":\"ListItem\",\"position\":2,\"name\":\"Histoire\"}]},{\"@type\":\"WebSite\",\"@id\":\"https:\/\/kinderwunschzentrum-karlsruhe.de\/#website\",\"url\":\"https:\/\/kinderwunschzentrum-karlsruhe.de\/\",\"name\":\"Kinderwunschzentrum Karlsruhe MVZ GmbH\",\"description\":\"\",\"publisher\":{\"@id\":\"https:\/\/kinderwunschzentrum-karlsruhe.de\/#organization\"},\"potentialAction\":[{\"@type\":\"SearchAction\",\"target\":{\"@type\":\"EntryPoint\",\"urlTemplate\":\"https:\/\/kinderwunschzentrum-karlsruhe.de\/?s={search_term_string}\"},\"query-input\":{\"@type\":\"PropertyValueSpecification\",\"valueRequired\":true,\"valueName\":\"search_term_string\"}}],\"inLanguage\":\"fr-FR\"},{\"@type\":\"Organization\",\"@id\":\"https:\/\/kinderwunschzentrum-karlsruhe.de\/#organization\",\"name\":\"Kinderwunschzentrum Karlsruhe MVZ GmbH\",\"url\":\"https:\/\/kinderwunschzentrum-karlsruhe.de\/\",\"logo\":{\"@type\":\"ImageObject\",\"inLanguage\":\"fr-FR\",\"@id\":\"https:\/\/kinderwunschzentrum-karlsruhe.de\/#\/schema\/logo\/image\/\",\"url\":\"https:\/\/kinderwunschzentrum-karlsruhe.de\/wp-content\/uploads\/2024\/02\/Logo_KiWuZe.png\",\"contentUrl\":\"https:\/\/kinderwunschzentrum-karlsruhe.de\/wp-content\/uploads\/2024\/02\/Logo_KiWuZe.png\",\"width\":1080,\"height\":1080,\"caption\":\"Kinderwunschzentrum Karlsruhe MVZ GmbH\"},\"image\":{\"@id\":\"https:\/\/kinderwunschzentrum-karlsruhe.de\/#\/schema\/logo\/image\/\"},\"sameAs\":[\"https:\/\/www.facebook.com\/profile.php?id=100089849155765\",\"https:\/\/www.instagram.com\/kinderwunschzentrumkarlsruhe\/\"]}]}<\/script>\n<!-- \/ Yoast SEO plugin. -->","yoast_head_json":{"title":"Histoire - Kinderwunschzentrum Karlsruhe MVZ GmbH","robots":{"index":"index","follow":"follow","max-snippet":"max-snippet:-1","max-image-preview":"max-image-preview:large","max-video-preview":"max-video-preview:-1"},"canonical":"https:\/\/kinderwunschzentrum-karlsruhe.de\/fr\/histoire\/","og_locale":"fr_FR","og_type":"article","og_title":"Histoire - Kinderwunschzentrum Karlsruhe MVZ GmbH","og_description":"Histoire2025 Le site du Centre de fertilit\u00e9 a \u00e9t\u00e9 rendu accessible selon les crit\u00e8res WCAG 2.1 (niveau AA). Il est d\u00e9sormais plus accessible aux personnes en situation de handicap et conforme aux exigences l\u00e9gales actuelles. 2024 \u00c0 partir du 02.01.2024, le cabinet m\u00e9dical sera transf\u00e9r\u00e9 au Kinderwunschzentrum Karlsruhe MVZ GmbH. G\u00e9rant et directeur m\u00e9dical : [&hellip;]","og_url":"https:\/\/kinderwunschzentrum-karlsruhe.de\/fr\/histoire\/","og_site_name":"Kinderwunschzentrum Karlsruhe MVZ GmbH","article_publisher":"https:\/\/www.facebook.com\/profile.php?id=100089849155765","article_modified_time":"2025-08-05T12:09:28+00:00","og_image":[{"width":1080,"height":1080,"url":"https:\/\/kinderwunschzentrum-karlsruhe.de\/wp-content\/uploads\/2024\/02\/Logo_KiWuZe.png","type":"image\/png"}],"twitter_card":"summary_large_image","twitter_misc":{"Dur\u00e9e de lecture estim\u00e9e":"2 minutes"},"schema":{"@context":"https:\/\/schema.org","@graph":[{"@type":"WebPage","@id":"https:\/\/kinderwunschzentrum-karlsruhe.de\/fr\/histoire\/","url":"https:\/\/kinderwunschzentrum-karlsruhe.de\/fr\/histoire\/","name":"Histoire - Kinderwunschzentrum Karlsruhe MVZ GmbH","isPartOf":{"@id":"https:\/\/kinderwunschzentrum-karlsruhe.de\/#website"},"datePublished":"2023-05-23T10:33:13+00:00","dateModified":"2025-08-05T12:09:28+00:00","breadcrumb":{"@id":"https:\/\/kinderwunschzentrum-karlsruhe.de\/fr\/histoire\/#breadcrumb"},"inLanguage":"fr-FR","potentialAction":[{"@type":"ReadAction","target":["https:\/\/kinderwunschzentrum-karlsruhe.de\/fr\/histoire\/"]}]},{"@type":"BreadcrumbList","@id":"https:\/\/kinderwunschzentrum-karlsruhe.de\/fr\/histoire\/#breadcrumb","itemListElement":[{"@type":"ListItem","position":1,"name":"Startseite","item":"https:\/\/kinderwunschzentrum-karlsruhe.de\/fr\/"},{"@type":"ListItem","position":2,"name":"Histoire"}]},{"@type":"WebSite","@id":"https:\/\/kinderwunschzentrum-karlsruhe.de\/#website","url":"https:\/\/kinderwunschzentrum-karlsruhe.de\/","name":"Kinderwunschzentrum Karlsruhe MVZ GmbH","description":"","publisher":{"@id":"https:\/\/kinderwunschzentrum-karlsruhe.de\/#organization"},"potentialAction":[{"@type":"SearchAction","target":{"@type":"EntryPoint","urlTemplate":"https:\/\/kinderwunschzentrum-karlsruhe.de\/?s={search_term_string}"},"query-input":{"@type":"PropertyValueSpecification","valueRequired":true,"valueName":"search_term_string"}}],"inLanguage":"fr-FR"},{"@type":"Organization","@id":"https:\/\/kinderwunschzentrum-karlsruhe.de\/#organization","name":"Kinderwunschzentrum Karlsruhe MVZ GmbH","url":"https:\/\/kinderwunschzentrum-karlsruhe.de\/","logo":{"@type":"ImageObject","inLanguage":"fr-FR","@id":"https:\/\/kinderwunschzentrum-karlsruhe.de\/#\/schema\/logo\/image\/","url":"https:\/\/kinderwunschzentrum-karlsruhe.de\/wp-content\/uploads\/2024\/02\/Logo_KiWuZe.png","contentUrl":"https:\/\/kinderwunschzentrum-karlsruhe.de\/wp-content\/uploads\/2024\/02\/Logo_KiWuZe.png","width":1080,"height":1080,"caption":"Kinderwunschzentrum Karlsruhe MVZ GmbH"},"image":{"@id":"https:\/\/kinderwunschzentrum-karlsruhe.de\/#\/schema\/logo\/image\/"},"sameAs":["https:\/\/www.facebook.com\/profile.php?id=100089849155765","https:\/\/www.instagram.com\/kinderwunschzentrumkarlsruhe\/"]}]}},"_links":{"self":[{"href":"https:\/\/kinderwunschzentrum-karlsruhe.de\/fr\/wp-json\/wp\/v2\/pages\/1146","targetHints":{"allow":["GET"]}}],"collection":[{"href":"https:\/\/kinderwunschzentrum-karlsruhe.de\/fr\/wp-json\/wp\/v2\/pages"}],"about":[{"href":"https:\/\/kinderwunschzentrum-karlsruhe.de\/fr\/wp-json\/wp\/v2\/types\/page"}],"author":[{"embeddable":true,"href":"https:\/\/kinderwunschzentrum-karlsruhe.de\/fr\/wp-json\/wp\/v2\/users\/1"}],"replies":[{"embeddable":true,"href":"https:\/\/kinderwunschzentrum-karlsruhe.de\/fr\/wp-json\/wp\/v2\/comments?post=1146"}],"version-history":[{"count":23,"href":"https:\/\/kinderwunschzentrum-karlsruhe.de\/fr\/wp-json\/wp\/v2\/pages\/1146\/revisions"}],"predecessor-version":[{"id":25098508,"href":"https:\/\/kinderwunschzentrum-karlsruhe.de\/fr\/wp-json\/wp\/v2\/pages\/1146\/revisions\/25098508"}],"wp:attachment":[{"href":"https:\/\/kinderwunschzentrum-karlsruhe.de\/fr\/wp-json\/wp\/v2\/media?parent=1146"}],"wp:term":[{"taxonomy":"dipi_cpt_category","embeddable":true,"href":"https:\/\/kinderwunschzentrum-karlsruhe.de\/fr\/wp-json\/wp\/v2\/dipi_cpt_category?post=1146"}],"curies":[{"name":"wp","href":"https:\/\/api.w.org\/{rel}","templated":true}]}}