{"id":1206,"date":"2023-05-22T11:35:29","date_gmt":"2023-05-22T09:35:29","guid":{"rendered":"https:\/\/kinderwunschzentrum-karlsruhe.de\/fertilite\/"},"modified":"2026-03-26T09:00:25","modified_gmt":"2026-03-26T08:00:25","slug":"fertilite","status":"publish","type":"page","link":"https:\/\/kinderwunschzentrum-karlsruhe.de\/fr\/fertilite\/","title":{"rendered":"Fertilit\u00e9"},"content":{"rendered":"<p>[et_pb_section fb_built=\u00a0\u00bb1&Prime; _builder_version=\u00a0\u00bb4.24.0&Prime; _module_preset=\u00a0\u00bbdefault\u00a0\u00bb background_color=\u00a0\u00bbRGBA(255,255,255,0)\u00a0\u00bb background_image=\u00a0\u00bbhttps:\/\/kinderwunschzentrum-karlsruhe.de\/wp-content\/uploads\/2023\/12\/KiWuZe_startseite_und_kinderwunsch_header_fr.jpg\u00a0\u00bb height=\u00a0\u00bb680px\u00a0\u00bb background_last_edited=\u00a0\u00bbon|phone\u00a0\u00bb background_image_phone=\u00a0\u00bbhttps:\/\/kinderwunschzentrum-karlsruhe.de\/wp-content\/uploads\/2023\/12\/KiWuZe_startseite_und_kinderwunsch_header_mobile_fr.jpg\u00a0\u00bb background_enable_image_phone=\u00a0\u00bbon\u00a0\u00bb background_position_tablet=\u00a0\u00bbcenter\u00a0\u00bb box_shadow_style=\u00a0\u00bbpreset3&Prime; global_module=\u00a0\u00bb25094410&Prime; locked=\u00a0\u00bboff\u00a0\u00bb global_colors_info=\u00a0\u00bb{}\u00a0\u00bb][\/et_pb_section][et_pb_section fb_built=\u00a0\u00bb1&Prime; _builder_version=\u00a0\u00bb4.21.0&Prime; _module_preset=\u00a0\u00bbdefault\u00a0\u00bb custom_padding=\u00a0\u00bb||||false|false\u00a0\u00bb global_colors_info=\u00a0\u00bb{}\u00a0\u00bb][et_pb_row _builder_version=\u00a0\u00bb4.21.0&Prime; _module_preset=\u00a0\u00bbdefault\u00a0\u00bb animation_style=\u00a0\u00bbfade\u00a0\u00bb global_colors_info=\u00a0\u00bb{}\u00a0\u00bb][et_pb_column type=\u00a0\u00bb4_4&Prime; _builder_version=\u00a0\u00bb4.21.0&Prime; _module_preset=\u00a0\u00bbdefault\u00a0\u00bb global_colors_info=\u00a0\u00bb{}\u00a0\u00bb][et_pb_text _builder_version=\u00a0\u00bb4.27.5&Prime; _module_preset=\u00a0\u00bbdefault\u00a0\u00bb text_orientation=\u00a0\u00bbcenter\u00a0\u00bb global_colors_info=\u00a0\u00bb{}\u00a0\u00bb]<\/p>\n<h1><strong>Jours fertiles et fertilit\u00e9 :<br \/>quel est le r\u00f4le du syst\u00e8me immunitaire ?<\/strong><\/h1>\n<p>[\/et_pb_text][\/et_pb_column][\/et_pb_row][et_pb_row _builder_version=\u00a0\u00bb4.21.0&Prime; _module_preset=\u00a0\u00bbdefault\u00a0\u00bb global_colors_info=\u00a0\u00bb{}\u00a0\u00bb][et_pb_column type=\u00a0\u00bb4_4&Prime; _builder_version=\u00a0\u00bb4.21.0&Prime; _module_preset=\u00a0\u00bbdefault\u00a0\u00bb global_colors_info=\u00a0\u00bb{}\u00a0\u00bb][et_pb_text _builder_version=\u00a0\u00bb4.21.0&Prime; _module_preset=\u00a0\u00bbdefault\u00a0\u00bb text_text_color=\u00a0\u00bb#000000&Prime; text_orientation=\u00a0\u00bbcenter\u00a0\u00bb text_orientation_tablet=\u00a0\u00bb\u00a0\u00bb text_orientation_phone=\u00a0\u00bbcenter\u00a0\u00bb text_orientation_last_edited=\u00a0\u00bbon|phone\u00a0\u00bb global_colors_info=\u00a0\u00bb{}\u00a0\u00bb]<\/p>\n<p>La restriction de la fertilit\u00e9 peut avoir diff\u00e9rentes causes. Il n&rsquo;y a pas forc\u00e9ment de maladie. Le stress li\u00e9 aux conditions de vie et aux attentes erron\u00e9es en mati\u00e8re de r\u00e9ussite, les substances nocives et les aspects psychiques peuvent avoir une importance directe ou indirecte.<\/p>\n<p>[\/et_pb_text][\/et_pb_column][\/et_pb_row][et_pb_row column_structure=\u00a0\u00bb1_2,1_2&Prime; _builder_version=\u00a0\u00bb4.21.0&Prime; _module_preset=\u00a0\u00bbdefault\u00a0\u00bb animation_style=\u00a0\u00bbfade\u00a0\u00bb animation_delay=\u00a0\u00bb450ms\u00a0\u00bb global_colors_info=\u00a0\u00bb{}\u00a0\u00bb][et_pb_column type=\u00a0\u00bb1_2&Prime; _builder_version=\u00a0\u00bb4.21.0&Prime; _module_preset=\u00a0\u00bbdefault\u00a0\u00bb global_colors_info=\u00a0\u00bb{}\u00a0\u00bb][et_pb_icon font_icon=\u00a0\u00bb&#xf182;||fa||900&Prime; icon_width=\u00a0\u00bb60px\u00a0\u00bb _builder_version=\u00a0\u00bb4.21.0&Prime; _module_preset=\u00a0\u00bbdefault\u00a0\u00bb global_colors_info=\u00a0\u00bb{}\u00a0\u00bb][\/et_pb_icon][et_pb_text _builder_version=\u00a0\u00bb4.21.0&Prime; _module_preset=\u00a0\u00bbdefault\u00a0\u00bb text_text_color=\u00a0\u00bb#000000&Prime; global_colors_info=\u00a0\u00bb{}\u00a0\u00bb]<\/p>\n<h3>Causes possibles chez la femme<\/h3>\n<ul>\n<li>Diff\u00e9rents troubles hormonaux<\/li>\n<li>Trompes de Fallope compl\u00e8tement ou partiellement obstru\u00e9es<\/li>\n<li>Endom\u00e9triose, c&rsquo;est-\u00e0-dire croissance de la muqueuse ut\u00e9rine en dehors de l&rsquo;ut\u00e9rus.<\/li>\n<li>Des troubles hormonaux de diff\u00e9rentes natures (hypophyse, ovaire, corticosurr\u00e9nale, thyro\u00efde) peuvent entra\u00eener des troubles de la maturation des ovules.<\/li>\n<li>Les malformations des ovaires, des trompes de Fallope ou de l&rsquo;ut\u00e9rus sont plus rares.<\/li>\n<li>Les r\u00e9actions du syst\u00e8me immunitaire contre les propres ovules ou contre les spermatozo\u00efdes du partenaire sont extr\u00eamement rares.<\/li>\n<li>Certaines anomalies de la surface de l&rsquo;ovule peuvent emp\u00eacher la r\u00e9ception d&rsquo;un spermatozo\u00efde.<\/li>\n<li>Tr\u00e8s rarement, les causes cong\u00e9nitales sont des malformations chromosomiques.<\/li>\n<\/ul>\n<p>[\/et_pb_text][\/et_pb_column][et_pb_column type=\u00a0\u00bb1_2&Prime; _builder_version=\u00a0\u00bb4.21.0&Prime; _module_preset=\u00a0\u00bbdefault\u00a0\u00bb global_colors_info=\u00a0\u00bb{}\u00a0\u00bb][et_pb_icon font_icon=\u00a0\u00bb&#xf183;||fa||900&Prime; icon_width=\u00a0\u00bb60px\u00a0\u00bb _builder_version=\u00a0\u00bb4.21.0&Prime; _module_preset=\u00a0\u00bbdefault\u00a0\u00bb global_colors_info=\u00a0\u00bb{}\u00a0\u00bb][\/et_pb_icon][et_pb_text _builder_version=\u00a0\u00bb4.21.0&Prime; _module_preset=\u00a0\u00bbdefault\u00a0\u00bb text_text_color=\u00a0\u00bb#000000&Prime; global_colors_info=\u00a0\u00bb{}\u00a0\u00bb]<\/p>\n<h3>Causes possibles chez l&rsquo;homme<\/h3>\n<ul>\n<li>Nombre insuffisant de spermatozo\u00efdes normaux bien mobiles<\/li>\n<li>Le tabagisme est la cause la plus fr\u00e9quente de troubles de la formation du sperme<\/li>\n<li>Les causes les plus fr\u00e9quentes sont une infection ant\u00e9rieure par les oreillons, un traitement trop tardif de l&rsquo;hypertrophie testiculaire dans l&rsquo;enfance, la pollution, le stress ou des troubles hormonaux.<\/li>\n<li>Dans de rares cas, des malformations chromosomiques de l&rsquo;homme peuvent \u00eatre responsables<\/li>\n<li>Les infections peuvent aggraver temporairement les r\u00e9sultats.<\/li>\n<li>Dans des cas plus rares, le transport des spermatozo\u00efdes est perturb\u00e9<\/li>\n<\/ul>\n<p>[\/et_pb_text][\/et_pb_column][\/et_pb_row][et_pb_row _builder_version=\u00a0\u00bb4.21.0&Prime; _module_preset=\u00a0\u00bbdefault\u00a0\u00bb animation_style=\u00a0\u00bbfade\u00a0\u00bb global_colors_info=\u00a0\u00bb{}\u00a0\u00bb][et_pb_column type=\u00a0\u00bb4_4&Prime; _builder_version=\u00a0\u00bb4.21.0&Prime; _module_preset=\u00a0\u00bbdefault\u00a0\u00bb global_colors_info=\u00a0\u00bb{}\u00a0\u00bb][et_pb_text content_tablet=\u00a0\u00bb<\/p>\n<p>Augmentez vos chances d&rsquo;avoir votre propre enfant gr\u00e2ce \u00e0 d&rsquo;autres proc\u00e9dures d&rsquo;optimisation dans le cadre de la FIV.<br \/>Appelez-nous d\u00e8s aujourd&rsquo;hui pour convenir d&rsquo;un premier entretien :<br \/> <a href=%22tel:+497218246700%22><span style=%22text-decoration: underline;%22><span style=%22color: #ffffff; text-decoration: underline;%22>0721 82 46 700<\/span><\/span><\/a><\/p>\n<p>\u00a0\u00bb content_phone=\u00a0\u00bb<\/p>\n<p>Augmentez vos chances d&rsquo;avoir votre propre enfant gr\u00e2ce \u00e0 d&rsquo;autres proc\u00e9dures d&rsquo;optimisation dans le cadre de la FIV.<br \/>Appelez-nous d\u00e8s aujourd&rsquo;hui pour convenir d&rsquo;un premier entretien :<br \/> <a href=%22tel:+497218246700%22><span style=%22text-decoration: underline;%22><span style=%22color: #ffffff; text-decoration: underline;%22>0721 82 46 700<\/span><\/span><\/a><\/p>\n<p>\u00a0\u00bb content_last_edited=\u00a0\u00bbon|desktop\u00a0\u00bb _builder_version=\u00a0\u00bb4.27.4&Prime; _module_preset=\u00a0\u00bbdefault\u00a0\u00bb text_text_color=\u00a0\u00bb#FFFFFF\u00a0\u00bb background_color=\u00a0\u00bb#821980&Prime; text_orientation=\u00a0\u00bbcenter\u00a0\u00bb custom_padding=\u00a0\u00bb10px|10px|10px|10px|true|true\u00a0\u00bb border_radii=\u00a0\u00bbon|10px|10px|10px|10px\u00a0\u00bb global_colors_info=\u00a0\u00bb{}\u00a0\u00bb]<\/p>\n<p>Dans de nombreux cas, les deux partenaires ont des raisons de ne pas avoir d&rsquo;enfant.<\/p>\n<p>Souvent, l&rsquo;absence d&rsquo;enfant non d\u00e9sir\u00e9e r\u00e9sulte aussi de la combinaison des probl\u00e8mes des deux partenaires.<\/p>\n<p>[\/et_pb_text][\/et_pb_column][\/et_pb_row][et_pb_row column_structure=\u00a0\u00bb1_2,1_2&Prime; _builder_version=\u00a0\u00bb4.21.0&Prime; _module_preset=\u00a0\u00bbdefault\u00a0\u00bb animation_style=\u00a0\u00bbfade\u00a0\u00bb global_colors_info=\u00a0\u00bb{}\u00a0\u00bb][et_pb_column type=\u00a0\u00bb1_2&Prime; _builder_version=\u00a0\u00bb4.21.0&Prime; _module_preset=\u00a0\u00bbdefault\u00a0\u00bb global_colors_info=\u00a0\u00bb{}\u00a0\u00bb][et_pb_image src=\u00a0\u00bbhttps:\/\/kinderwunschzentrum-karlsruhe.de\/wp-content\/uploads\/2023\/05\/Kinderwunschzentrum-Karlsruhe_eltern-baby.jpg\u00a0\u00bb alt=\u00a0\u00bbLa m\u00e8re et le p\u00e8re tiennent leur nouveau-n\u00e9 entre eux\u00a0\u00bb title_text=\u00a0\u00bbKinderwunschzentrum-Karlsruhe_eltern-baby\u00a0\u00bb _builder_version=\u00a0\u00bb4.27.4&Prime; _module_preset=\u00a0\u00bbdefault\u00a0\u00bb border_radii=\u00a0\u00bbon|10px|10px|10px|10px\u00a0\u00bb global_colors_info=\u00a0\u00bb{}\u00a0\u00bb][\/et_pb_image][\/et_pb_column][et_pb_column type=\u00a0\u00bb1_2&Prime; _builder_version=\u00a0\u00bb4.21.0&Prime; _module_preset=\u00a0\u00bbdefault\u00a0\u00bb global_colors_info=\u00a0\u00bb{}\u00a0\u00bb][et_pb_text _builder_version=\u00a0\u00bb4.21.0&Prime; _module_preset=\u00a0\u00bbdefault\u00a0\u00bb text_text_color=\u00a0\u00bb#000000&Prime; text_orientation_tablet=\u00a0\u00bbcenter\u00a0\u00bb text_orientation_phone=\u00a0\u00bbcenter\u00a0\u00bb text_orientation_last_edited=\u00a0\u00bbon|tablet\u00a0\u00bb global_colors_info=\u00a0\u00bb{}\u00a0\u00bb]<\/p>\n<h3>Le traitement de l&rsquo;infertilit\u00e9<\/h3>\n<section data-id=\"0e538a0\" data-element_type=\"section\">\n<div>\n<div>\n<div data-id=\"fc224de\" data-element_type=\"column\">\n<div>\n<div>\n<div data-id=\"e5c0277\" data-element_type=\"widget\" data-widget_type=\"text-editor.default\">\n<div>\n<div>\n<p>Certains couples peuvent \u00eatre aid\u00e9s par un simple conseil ou des moyens simples. La moiti\u00e9 des couples souffrant de graves probl\u00e8mes de fertilit\u00e9 qui consultent \u00e0 temps un sp\u00e9cialiste de la procr\u00e9ation m\u00e9dicalement assist\u00e9e en raison d&rsquo;un d\u00e9sir d&rsquo;enfant inassouvi peuvent \u00eatre aid\u00e9s \u00e0 avoir leur propre enfant.<\/p>\n<p>Environ 50% des couples trait\u00e9s par FIV ont un enfant issu de la proc\u00e9dure de traitement en l&rsquo;espace de quatre tentatives de traitement. Certaines de nos patientes ont d\u00e9j\u00e0 leur troisi\u00e8me enfant gr\u00e2ce \u00e0 notre traitement.<\/p>\n<p>Les conditions g\u00e9n\u00e9rales et professionnelles auxquelles est soumis le traitement de procr\u00e9ation m\u00e9dicalement assist\u00e9e en Allemagne vous garantissent une qualit\u00e9 de traitement \u00e9lev\u00e9e et prot\u00e8gent vos spermatozo\u00efdes, ovules et embryons contre les abus commerciaux.<\/p>\n<\/div>\n<\/div>\n<\/div>\n<\/div>\n<\/div>\n<\/div>\n<\/div>\n<\/div>\n<\/section>\n<p>[\/et_pb_text][\/et_pb_column][\/et_pb_row][et_pb_row column_structure=\u00a0\u00bb1_2,1_2&Prime; _builder_version=\u00a0\u00bb4.21.0&Prime; _module_preset=\u00a0\u00bbdefault\u00a0\u00bb animation_style=\u00a0\u00bbfade\u00a0\u00bb global_colors_info=\u00a0\u00bb{}\u00a0\u00bb][et_pb_column type=\u00a0\u00bb1_2&Prime; _builder_version=\u00a0\u00bb4.21.0&Prime; _module_preset=\u00a0\u00bbdefault\u00a0\u00bb global_colors_info=\u00a0\u00bb{}\u00a0\u00bb][et_pb_image src=\u00a0\u00bbhttps:\/\/kinderwunschzentrum-karlsruhe.de\/wp-content\/uploads\/2023\/05\/Kinderwunschzentrum-Karlsruhe_Babyfuss.png\u00a0\u00bb alt=\u00a0\u00bbLe pied d&rsquo;un b\u00e9b\u00e9 est entour\u00e9 de deux mains protectrices\u00a0\u00bb title_text=\u00a0\u00bbKinderwunschzentrum-Karlsruhe_Babyfu\u00df\u00a0\u00bb _builder_version=\u00a0\u00bb4.27.4&Prime; _module_preset=\u00a0\u00bbdefault\u00a0\u00bb border_radii=\u00a0\u00bbon|10px|10px|10px|10px\u00a0\u00bb global_colors_info=\u00a0\u00bb{}\u00a0\u00bb][\/et_pb_image][\/et_pb_column][et_pb_column type=\u00a0\u00bb1_2&Prime; _builder_version=\u00a0\u00bb4.21.0&Prime; _module_preset=\u00a0\u00bbdefault\u00a0\u00bb global_colors_info=\u00a0\u00bb{}\u00a0\u00bb][et_pb_text _builder_version=\u00a0\u00bb4.27.4&Prime; _module_preset=\u00a0\u00bbdefault\u00a0\u00bb text_text_color=\u00a0\u00bb#000000&Prime; header_3_font_size=\u00a0\u00bb33px\u00a0\u00bb text_orientation_tablet=\u00a0\u00bbcenter\u00a0\u00bb text_orientation_phone=\u00a0\u00bbcenter\u00a0\u00bb text_orientation_last_edited=\u00a0\u00bbon|phone\u00a0\u00bb locked=\u00a0\u00bboff\u00a0\u00bb global_colors_info=\u00a0\u00bb{}\u00a0\u00bb]<\/p>\n<h3>Cong\u00e9lation sociale<\/h3>\n<h4>Planifiez maintenant \u2013 et r\u00e9alisez votre famille plus tard<\/h4>\n<p>Pourquoi devriez-vous renoncer \u00e0 quelque chose dans votre jeunesse ? Et ce poste est si attractif maintenant ?<\/p>\n<p>[\/et_pb_text][et_pb_text _builder_version=\u00a0\u00bb4.27.5&Prime; _module_preset=\u00a0\u00bbdefault\u00a0\u00bb custom_margin=\u00a0\u00bb-30px||||false|false\u00a0\u00bb hover_enabled=\u00a0\u00bb0&Prime; locked=\u00a0\u00bboff\u00a0\u00bb global_colors_info=\u00a0\u00bb{}\u00a0\u00bb sticky_enabled=\u00a0\u00bb0&Prime;]<\/p>\n<p>Vous n\u2019avez pas encore trouv\u00e9 le partenaire qui vous correspond ? Aucun souci ! La planification familiale est une d\u00e9marche personnelle qui demande du temps.<\/p>\n<p>En faisant congeler vos ovules d\u00e8s votre jeunesse, vous mettez votre horloge biologique en pause. Vos chances de tomber enceinte plus tard restent aussi \u00e9lev\u00e9es qu\u2019au moment de la cong\u00e9lation.<\/p>\n<p>Vous trouverez de plus amples informations sur la cong\u00e9lation sociale comme option de pr\u00e9servation de la fertilit\u00e9 <span style=\"text-decoration: underline;\"><a href=\"https:\/\/kinderwunschzentrum-karlsruhe.de\/wp-content\/uploads\/2025\/08\/Social_Freezing_Flyer_2025.pdf\" target=\"_blank\" rel=\"noopener\">dans notre brochure.<\/a> <\/span>(disponible uniquement en allemand)<\/p>\n<p>[\/et_pb_text][\/et_pb_column][\/et_pb_row][\/et_pb_section]<\/p>\n","protected":false},"excerpt":{"rendered":"<p>Jours fertiles et fertilit\u00e9 :quel est le r\u00f4le du syst\u00e8me immunitaire ?La restriction de la fertilit\u00e9 peut avoir diff\u00e9rentes causes. Il n&rsquo;y a pas forc\u00e9ment de maladie. Le stress li\u00e9 aux conditions de vie et aux attentes erron\u00e9es en mati\u00e8re de r\u00e9ussite, les substances nocives et les aspects psychiques peuvent avoir une importance directe ou [&hellip;]<\/p>\n","protected":false},"author":1,"featured_media":0,"parent":0,"menu_order":0,"comment_status":"closed","ping_status":"closed","template":"","meta":{"_et_pb_use_builder":"on","_et_pb_old_content":"","_et_gb_content_width":"","footnotes":""},"dipi_cpt_category":[],"class_list":["post-1206","page","type-page","status-publish","hentry"],"yoast_head":"<!-- This site is optimized with the Yoast SEO plugin v26.9 - https:\/\/yoast.com\/product\/yoast-seo-wordpress\/ -->\n<title>Fertilit\u00e9 - Kinderwunschzentrum Karlsruhe MVZ GmbH<\/title>\n<meta name=\"robots\" content=\"index, follow, max-snippet:-1, max-image-preview:large, max-video-preview:-1\" \/>\n<link rel=\"canonical\" href=\"https:\/\/kinderwunschzentrum-karlsruhe.de\/fr\/fertilite\/\" \/>\n<meta property=\"og:locale\" content=\"fr_FR\" \/>\n<meta property=\"og:type\" content=\"article\" \/>\n<meta property=\"og:title\" content=\"Fertilit\u00e9 - Kinderwunschzentrum Karlsruhe MVZ GmbH\" \/>\n<meta property=\"og:description\" content=\"Jours fertiles et fertilit\u00e9 :quel est le r\u00f4le du syst\u00e8me immunitaire ?La restriction de la fertilit\u00e9 peut avoir diff\u00e9rentes causes. Il n&#039;y a pas forc\u00e9ment de maladie. Le stress li\u00e9 aux conditions de vie et aux attentes erron\u00e9es en mati\u00e8re de r\u00e9ussite, les substances nocives et les aspects psychiques peuvent avoir une importance directe ou [&hellip;]\" \/>\n<meta property=\"og:url\" content=\"https:\/\/kinderwunschzentrum-karlsruhe.de\/fr\/fertilite\/\" \/>\n<meta property=\"og:site_name\" content=\"Kinderwunschzentrum Karlsruhe MVZ GmbH\" \/>\n<meta property=\"article:publisher\" content=\"https:\/\/www.facebook.com\/profile.php?id=100089849155765\" \/>\n<meta property=\"article:modified_time\" content=\"2026-03-26T08:00:25+00:00\" \/>\n<meta property=\"og:image\" content=\"https:\/\/kinderwunschzentrum-karlsruhe.de\/wp-content\/uploads\/2024\/02\/Logo_KiWuZe.png\" \/>\n\t<meta property=\"og:image:width\" content=\"1080\" \/>\n\t<meta property=\"og:image:height\" content=\"1080\" \/>\n\t<meta property=\"og:image:type\" content=\"image\/png\" \/>\n<meta name=\"twitter:card\" content=\"summary_large_image\" \/>\n<meta name=\"twitter:label1\" content=\"Dur\u00e9e de lecture estim\u00e9e\" \/>\n\t<meta name=\"twitter:data1\" content=\"7 minutes\" \/>\n<script type=\"application\/ld+json\" class=\"yoast-schema-graph\">{\"@context\":\"https:\/\/schema.org\",\"@graph\":[{\"@type\":\"WebPage\",\"@id\":\"https:\/\/kinderwunschzentrum-karlsruhe.de\/fr\/fertilite\/\",\"url\":\"https:\/\/kinderwunschzentrum-karlsruhe.de\/fr\/fertilite\/\",\"name\":\"Fertilit\u00e9 - Kinderwunschzentrum Karlsruhe MVZ GmbH\",\"isPartOf\":{\"@id\":\"https:\/\/kinderwunschzentrum-karlsruhe.de\/#website\"},\"datePublished\":\"2023-05-22T09:35:29+00:00\",\"dateModified\":\"2026-03-26T08:00:25+00:00\",\"breadcrumb\":{\"@id\":\"https:\/\/kinderwunschzentrum-karlsruhe.de\/fr\/fertilite\/#breadcrumb\"},\"inLanguage\":\"fr-FR\",\"potentialAction\":[{\"@type\":\"ReadAction\",\"target\":[\"https:\/\/kinderwunschzentrum-karlsruhe.de\/fr\/fertilite\/\"]}]},{\"@type\":\"BreadcrumbList\",\"@id\":\"https:\/\/kinderwunschzentrum-karlsruhe.de\/fr\/fertilite\/#breadcrumb\",\"itemListElement\":[{\"@type\":\"ListItem\",\"position\":1,\"name\":\"Startseite\",\"item\":\"https:\/\/kinderwunschzentrum-karlsruhe.de\/fr\/\"},{\"@type\":\"ListItem\",\"position\":2,\"name\":\"Fertilit\u00e9\"}]},{\"@type\":\"WebSite\",\"@id\":\"https:\/\/kinderwunschzentrum-karlsruhe.de\/#website\",\"url\":\"https:\/\/kinderwunschzentrum-karlsruhe.de\/\",\"name\":\"Kinderwunschzentrum Karlsruhe MVZ GmbH\",\"description\":\"\",\"publisher\":{\"@id\":\"https:\/\/kinderwunschzentrum-karlsruhe.de\/#organization\"},\"potentialAction\":[{\"@type\":\"SearchAction\",\"target\":{\"@type\":\"EntryPoint\",\"urlTemplate\":\"https:\/\/kinderwunschzentrum-karlsruhe.de\/?s={search_term_string}\"},\"query-input\":{\"@type\":\"PropertyValueSpecification\",\"valueRequired\":true,\"valueName\":\"search_term_string\"}}],\"inLanguage\":\"fr-FR\"},{\"@type\":\"Organization\",\"@id\":\"https:\/\/kinderwunschzentrum-karlsruhe.de\/#organization\",\"name\":\"Kinderwunschzentrum Karlsruhe MVZ GmbH\",\"url\":\"https:\/\/kinderwunschzentrum-karlsruhe.de\/\",\"logo\":{\"@type\":\"ImageObject\",\"inLanguage\":\"fr-FR\",\"@id\":\"https:\/\/kinderwunschzentrum-karlsruhe.de\/#\/schema\/logo\/image\/\",\"url\":\"https:\/\/kinderwunschzentrum-karlsruhe.de\/wp-content\/uploads\/2024\/02\/Logo_KiWuZe.png\",\"contentUrl\":\"https:\/\/kinderwunschzentrum-karlsruhe.de\/wp-content\/uploads\/2024\/02\/Logo_KiWuZe.png\",\"width\":1080,\"height\":1080,\"caption\":\"Kinderwunschzentrum Karlsruhe MVZ GmbH\"},\"image\":{\"@id\":\"https:\/\/kinderwunschzentrum-karlsruhe.de\/#\/schema\/logo\/image\/\"},\"sameAs\":[\"https:\/\/www.facebook.com\/profile.php?id=100089849155765\",\"https:\/\/www.instagram.com\/kinderwunschzentrumkarlsruhe\/\"]}]}<\/script>\n<!-- \/ Yoast SEO plugin. -->","yoast_head_json":{"title":"Fertilit\u00e9 - Kinderwunschzentrum Karlsruhe MVZ GmbH","robots":{"index":"index","follow":"follow","max-snippet":"max-snippet:-1","max-image-preview":"max-image-preview:large","max-video-preview":"max-video-preview:-1"},"canonical":"https:\/\/kinderwunschzentrum-karlsruhe.de\/fr\/fertilite\/","og_locale":"fr_FR","og_type":"article","og_title":"Fertilit\u00e9 - Kinderwunschzentrum Karlsruhe MVZ GmbH","og_description":"Jours fertiles et fertilit\u00e9 :quel est le r\u00f4le du syst\u00e8me immunitaire ?La restriction de la fertilit\u00e9 peut avoir diff\u00e9rentes causes. Il n'y a pas forc\u00e9ment de maladie. Le stress li\u00e9 aux conditions de vie et aux attentes erron\u00e9es en mati\u00e8re de r\u00e9ussite, les substances nocives et les aspects psychiques peuvent avoir une importance directe ou [&hellip;]","og_url":"https:\/\/kinderwunschzentrum-karlsruhe.de\/fr\/fertilite\/","og_site_name":"Kinderwunschzentrum Karlsruhe MVZ GmbH","article_publisher":"https:\/\/www.facebook.com\/profile.php?id=100089849155765","article_modified_time":"2026-03-26T08:00:25+00:00","og_image":[{"width":1080,"height":1080,"url":"https:\/\/kinderwunschzentrum-karlsruhe.de\/wp-content\/uploads\/2024\/02\/Logo_KiWuZe.png","type":"image\/png"}],"twitter_card":"summary_large_image","twitter_misc":{"Dur\u00e9e de lecture estim\u00e9e":"7 minutes"},"schema":{"@context":"https:\/\/schema.org","@graph":[{"@type":"WebPage","@id":"https:\/\/kinderwunschzentrum-karlsruhe.de\/fr\/fertilite\/","url":"https:\/\/kinderwunschzentrum-karlsruhe.de\/fr\/fertilite\/","name":"Fertilit\u00e9 - Kinderwunschzentrum Karlsruhe MVZ GmbH","isPartOf":{"@id":"https:\/\/kinderwunschzentrum-karlsruhe.de\/#website"},"datePublished":"2023-05-22T09:35:29+00:00","dateModified":"2026-03-26T08:00:25+00:00","breadcrumb":{"@id":"https:\/\/kinderwunschzentrum-karlsruhe.de\/fr\/fertilite\/#breadcrumb"},"inLanguage":"fr-FR","potentialAction":[{"@type":"ReadAction","target":["https:\/\/kinderwunschzentrum-karlsruhe.de\/fr\/fertilite\/"]}]},{"@type":"BreadcrumbList","@id":"https:\/\/kinderwunschzentrum-karlsruhe.de\/fr\/fertilite\/#breadcrumb","itemListElement":[{"@type":"ListItem","position":1,"name":"Startseite","item":"https:\/\/kinderwunschzentrum-karlsruhe.de\/fr\/"},{"@type":"ListItem","position":2,"name":"Fertilit\u00e9"}]},{"@type":"WebSite","@id":"https:\/\/kinderwunschzentrum-karlsruhe.de\/#website","url":"https:\/\/kinderwunschzentrum-karlsruhe.de\/","name":"Kinderwunschzentrum Karlsruhe MVZ GmbH","description":"","publisher":{"@id":"https:\/\/kinderwunschzentrum-karlsruhe.de\/#organization"},"potentialAction":[{"@type":"SearchAction","target":{"@type":"EntryPoint","urlTemplate":"https:\/\/kinderwunschzentrum-karlsruhe.de\/?s={search_term_string}"},"query-input":{"@type":"PropertyValueSpecification","valueRequired":true,"valueName":"search_term_string"}}],"inLanguage":"fr-FR"},{"@type":"Organization","@id":"https:\/\/kinderwunschzentrum-karlsruhe.de\/#organization","name":"Kinderwunschzentrum Karlsruhe MVZ GmbH","url":"https:\/\/kinderwunschzentrum-karlsruhe.de\/","logo":{"@type":"ImageObject","inLanguage":"fr-FR","@id":"https:\/\/kinderwunschzentrum-karlsruhe.de\/#\/schema\/logo\/image\/","url":"https:\/\/kinderwunschzentrum-karlsruhe.de\/wp-content\/uploads\/2024\/02\/Logo_KiWuZe.png","contentUrl":"https:\/\/kinderwunschzentrum-karlsruhe.de\/wp-content\/uploads\/2024\/02\/Logo_KiWuZe.png","width":1080,"height":1080,"caption":"Kinderwunschzentrum Karlsruhe MVZ GmbH"},"image":{"@id":"https:\/\/kinderwunschzentrum-karlsruhe.de\/#\/schema\/logo\/image\/"},"sameAs":["https:\/\/www.facebook.com\/profile.php?id=100089849155765","https:\/\/www.instagram.com\/kinderwunschzentrumkarlsruhe\/"]}]}},"_links":{"self":[{"href":"https:\/\/kinderwunschzentrum-karlsruhe.de\/fr\/wp-json\/wp\/v2\/pages\/1206","targetHints":{"allow":["GET"]}}],"collection":[{"href":"https:\/\/kinderwunschzentrum-karlsruhe.de\/fr\/wp-json\/wp\/v2\/pages"}],"about":[{"href":"https:\/\/kinderwunschzentrum-karlsruhe.de\/fr\/wp-json\/wp\/v2\/types\/page"}],"author":[{"embeddable":true,"href":"https:\/\/kinderwunschzentrum-karlsruhe.de\/fr\/wp-json\/wp\/v2\/users\/1"}],"replies":[{"embeddable":true,"href":"https:\/\/kinderwunschzentrum-karlsruhe.de\/fr\/wp-json\/wp\/v2\/comments?post=1206"}],"version-history":[{"count":13,"href":"https:\/\/kinderwunschzentrum-karlsruhe.de\/fr\/wp-json\/wp\/v2\/pages\/1206\/revisions"}],"predecessor-version":[{"id":27396634,"href":"https:\/\/kinderwunschzentrum-karlsruhe.de\/fr\/wp-json\/wp\/v2\/pages\/1206\/revisions\/27396634"}],"wp:attachment":[{"href":"https:\/\/kinderwunschzentrum-karlsruhe.de\/fr\/wp-json\/wp\/v2\/media?parent=1206"}],"wp:term":[{"taxonomy":"dipi_cpt_category","embeddable":true,"href":"https:\/\/kinderwunschzentrum-karlsruhe.de\/fr\/wp-json\/wp\/v2\/dipi_cpt_category?post=1206"}],"curies":[{"name":"wp","href":"https:\/\/api.w.org\/{rel}","templated":true}]}}