{"id":1211,"date":"2023-05-22T11:49:02","date_gmt":"2023-05-22T09:49:02","guid":{"rendered":"https:\/\/kinderwunschzentrum-karlsruhe.de\/methodes-de-traitement\/"},"modified":"2025-09-29T09:09:05","modified_gmt":"2025-09-29T07:09:05","slug":"methodes-de-traitement","status":"publish","type":"page","link":"https:\/\/kinderwunschzentrum-karlsruhe.de\/fr\/methodes-de-traitement\/","title":{"rendered":"M\u00e9thodes de traitement"},"content":{"rendered":"<p>[et_pb_section fb_built=\u00a0\u00bb1&Prime; _builder_version=\u00a0\u00bb4.24.0&Prime; _module_preset=\u00a0\u00bbdefault\u00a0\u00bb background_color=\u00a0\u00bbRGBA(255,255,255,0)\u00a0\u00bb background_image=\u00a0\u00bbhttps:\/\/kinderwunschzentrum-karlsruhe.de\/wp-content\/uploads\/2023\/12\/KiWuZe_startseite_und_kinderwunsch_header_fr.jpg\u00a0\u00bb height=\u00a0\u00bb680px\u00a0\u00bb background_last_edited=\u00a0\u00bbon|phone\u00a0\u00bb background_image_phone=\u00a0\u00bbhttps:\/\/kinderwunschzentrum-karlsruhe.de\/wp-content\/uploads\/2023\/12\/KiWuZe_startseite_und_kinderwunsch_header_mobile_fr.jpg\u00a0\u00bb background_enable_image_phone=\u00a0\u00bbon\u00a0\u00bb background_position_tablet=\u00a0\u00bbcenter\u00a0\u00bb box_shadow_style=\u00a0\u00bbpreset3&Prime; global_module=\u00a0\u00bb25094410&Prime; locked=\u00a0\u00bboff\u00a0\u00bb global_colors_info=\u00a0\u00bb{}\u00a0\u00bb][\/et_pb_section][et_pb_section fb_built=\u00a0\u00bb1&Prime; _builder_version=\u00a0\u00bb4.21.0&Prime; _module_preset=\u00a0\u00bbdefault\u00a0\u00bb custom_padding=\u00a0\u00bb||||false|false\u00a0\u00bb global_colors_info=\u00a0\u00bb{}\u00a0\u00bb][et_pb_row _builder_version=\u00a0\u00bb4.21.0&Prime; _module_preset=\u00a0\u00bbdefault\u00a0\u00bb global_colors_info=\u00a0\u00bb{}\u00a0\u00bb][et_pb_column type=\u00a0\u00bb4_4&Prime; _builder_version=\u00a0\u00bb4.21.0&Prime; _module_preset=\u00a0\u00bbdefault\u00a0\u00bb global_colors_info=\u00a0\u00bb{}\u00a0\u00bb][et_pb_text content_tablet=\u00a0\u00bb<\/p>\n<h1><strong>M\u00e9thodes de traitement<\/strong><\/h1>\n<p>\u00a0\u00bb content_phone=\u00a0\u00bb<\/p>\n<h1><strong>M\u00e9thodes de traitement<br \/><\/strong><\/h1>\n<p>\u00a0\u00bb content_last_edited=\u00a0\u00bbon|phone\u00a0\u00bb _builder_version=\u00a0\u00bb4.27.4&Prime; _module_preset=\u00a0\u00bbdefault\u00a0\u00bb text_orientation=\u00a0\u00bbcenter\u00a0\u00bb global_colors_info=\u00a0\u00bb{}\u00a0\u00bb]<\/p>\n<h1><strong>M\u00e9thodes de traitement<\/strong><\/h1>\n<p>[\/et_pb_text][et_pb_text content_tablet=\u00a0\u00bb<\/p>\n<h1><strong>M\u00e9thodes de traitement<\/strong><\/h1>\n<p>\u00a0\u00bb content_phone=\u00a0\u00bb<\/p>\n<h1><strong>M\u00e9thodes de traitement<br \/><\/strong><\/h1>\n<p>\u00a0\u00bb content_last_edited=\u00a0\u00bboff|desktop\u00a0\u00bb _builder_version=\u00a0\u00bb4.27.4&Prime; _module_preset=\u00a0\u00bbdefault\u00a0\u00bb text_orientation=\u00a0\u00bbcenter\u00a0\u00bb global_colors_info=\u00a0\u00bb{}\u00a0\u00bb]<\/p>\n<p style=\"text-align: left;\"><strong>Les m\u00e9thodes de traitement La FIV\/l&rsquo;ICSI<\/strong> font aujourd&rsquo;hui partie des m\u00e9thodes centrales du <strong>traitement moderne du d\u00e9sir d&rsquo;enfant<\/strong>. Combin\u00e9es \u00e0 une optimisation cibl\u00e9e du cycle, elles permettent d&rsquo;augmenter consid\u00e9rablement les chances de grossesse. Dans notre centre de fertilit\u00e9, nous vous proposons un traitement adapt\u00e9 \u00e0 vos besoins &#8211; bas\u00e9 sur un diagnostic solide et une longue exp\u00e9rience.  <\/p>\n<p>[\/et_pb_text][et_pb_text _builder_version=\u00a0\u00bb4.27.4&Prime; _module_preset=\u00a0\u00bbdefault\u00a0\u00bb custom_margin=\u00a0\u00bb-30px||||false|false\u00a0\u00bb global_colors_info=\u00a0\u00bb{}\u00a0\u00bb]<\/p>\n<p>Apprenez-en plus sur les diff\u00e9rentes possibilit\u00e9s et votre chemin personnel vers l&rsquo;enfant d\u00e9sir\u00e9.<\/p>\n<p>[\/et_pb_text][\/et_pb_column][\/et_pb_row][et_pb_row column_structure=\u00a0\u00bb1_2,1_2&Prime; _builder_version=\u00a0\u00bb4.27.4&Prime; _module_preset=\u00a0\u00bbdefault\u00a0\u00bb animation_style=\u00a0\u00bbfade\u00a0\u00bb animation_delay=\u00a0\u00bb450ms\u00a0\u00bb global_colors_info=\u00a0\u00bb{}\u00a0\u00bb][et_pb_column type=\u00a0\u00bb1_2&Prime; _builder_version=\u00a0\u00bb4.21.0&Prime; _module_preset=\u00a0\u00bbdefault\u00a0\u00bb global_colors_info=\u00a0\u00bb{}\u00a0\u00bb][et_pb_text _builder_version=\u00a0\u00bb4.27.4&Prime; _module_preset=\u00a0\u00bbdefault\u00a0\u00bb text_text_color=\u00a0\u00bb#000000&Prime; custom_margin=\u00a0\u00bb||0px||false|false\u00a0\u00bb custom_padding=\u00a0\u00bb||0px||false|false\u00a0\u00bb global_colors_info=\u00a0\u00bb{}\u00a0\u00bb]<\/p>\n<ul>\n<li>Optimisation du cycle<\/li>\n<li>Trafic vers l&rsquo;optimum (VZO)<\/li>\n<li>Ins\u00e9mination (homologue et h\u00e9t\u00e9rologue)<\/li>\n<\/ul>\n<p>[\/et_pb_text][\/et_pb_column][et_pb_column type=\u00a0\u00bb1_2&Prime; _builder_version=\u00a0\u00bb4.21.0&Prime; _module_preset=\u00a0\u00bbdefault\u00a0\u00bb global_colors_info=\u00a0\u00bb{}\u00a0\u00bb][et_pb_text _builder_version=\u00a0\u00bb4.27.4&Prime; _module_preset=\u00a0\u00bbdefault\u00a0\u00bb text_text_color=\u00a0\u00bb#000000&Prime; custom_margin=\u00a0\u00bb0px||||false|false\u00a0\u00bb custom_padding=\u00a0\u00bb0px||||false|false\u00a0\u00bb global_colors_info=\u00a0\u00bb{}\u00a0\u00bb]<\/p>\n<ul>\n<li>IVF<\/li>\n<li>IVF \/ ICSI<\/li>\n<li>TESE<\/li>\n<\/ul>\n<p>[\/et_pb_text][\/et_pb_column][\/et_pb_row][et_pb_row _builder_version=\u00a0\u00bb4.21.0&Prime; _module_preset=\u00a0\u00bbdefault\u00a0\u00bb animation_style=\u00a0\u00bbfade\u00a0\u00bb animation_delay=\u00a0\u00bb450ms\u00a0\u00bb global_colors_info=\u00a0\u00bb{}\u00a0\u00bb][et_pb_column type=\u00a0\u00bb4_4&Prime; _builder_version=\u00a0\u00bb4.21.0&Prime; _module_preset=\u00a0\u00bbdefault\u00a0\u00bb global_colors_info=\u00a0\u00bb{}\u00a0\u00bb][et_pb_text content_tablet=\u00a0\u00bb<\/p>\n<p>Augmentez vos chances d&apos;avoir votre propre enfant gr\u00e2ce \u00e0 d&apos;autres proc\u00e9dures d&apos;optimisation dans le cadre de la FIV.<br \/>Appelez-nous d\u00e8s aujourd&apos;hui pour convenir d&apos;un premier entretien :<br \/> <a href=%22tel:+497218246700%22><span style=%22text-decoration: underline;%22><span style=%22color: #ffffff; text-decoration: underline;%22>0721 82 46 700<\/span><\/span><\/a><\/p>\n<p>\u00a0\u00bb content_phone=\u00a0\u00bb<\/p>\n<p>Augmentez vos chances d&apos;avoir votre propre enfant gr\u00e2ce \u00e0 d&apos;autres proc\u00e9dures d&apos;optimisation dans le cadre de la FIV.<br \/>Appelez-nous d\u00e8s aujourd&apos;hui pour convenir d&apos;un premier entretien :<br \/> <a href=%22tel:+497218246700%22><span style=%22text-decoration: underline;%22><span style=%22color: #ffffff; text-decoration: underline;%22>0721 82 46 700<\/span><\/span><\/a><\/p>\n<p>\u00a0\u00bb content_last_edited=\u00a0\u00bbon|desktop\u00a0\u00bb _builder_version=\u00a0\u00bb4.27.4&Prime; _module_preset=\u00a0\u00bbdefault\u00a0\u00bb text_text_color=\u00a0\u00bb#FFFFFF\u00a0\u00bb background_color=\u00a0\u00bb#821980&Prime; text_orientation=\u00a0\u00bbcenter\u00a0\u00bb custom_padding=\u00a0\u00bb10px|10px|10px|10px|true|true\u00a0\u00bb border_radii=\u00a0\u00bbon|10px|10px|10px|10px\u00a0\u00bb global_colors_info=\u00a0\u00bb{}\u00a0\u00bb]<\/p>\n<p>Nous discuterons des possibilit\u00e9s de traitement qui vous aideront sur le chemin de l&rsquo;enfant d\u00e9sir\u00e9 lors d&rsquo;un premier entretien de conseil.<\/p>\n<p>[\/et_pb_text][et_pb_text _builder_version=\u00a0\u00bb4.27.4&Prime; _module_preset=\u00a0\u00bbdefault\u00a0\u00bb text_text_color=\u00a0\u00bb#FFFFFF\u00a0\u00bb background_color=\u00a0\u00bb#821980&Prime; custom_margin=\u00a0\u00bb-42px||-5px||false|false\u00a0\u00bb custom_padding=\u00a0\u00bb4px||16px||false|false\u00a0\u00bb hover_enabled=\u00a0\u00bb0&Prime; border_radii=\u00a0\u00bbon|10px|10px|10px|10px\u00a0\u00bb global_colors_info=\u00a0\u00bb{}\u00a0\u00bb sticky_enabled=\u00a0\u00bb0&Prime;]<\/p>\n<p style=\"text-align: center;\">Pour prendre rendez-vous, appelez-nous au <span style=\"text-decoration: underline;\"><span style=\"color: #ffffff; text-decoration: underline;\"><a href=\"tel:+497218246700\" style=\"color: #ffffff; text-decoration: underline;\">+49 721 82 46 700<\/a><\/span><\/span><span style=\"color: #ffffff;\"> <\/span>au num\u00e9ro suivant<\/p>\n<p>[\/et_pb_text][\/et_pb_column][\/et_pb_row][\/et_pb_section]<\/p>\n","protected":false},"excerpt":{"rendered":"<p>M\u00e9thodes de traitementLes m\u00e9thodes de traitement La FIV\/l&rsquo;ICSI font aujourd&rsquo;hui partie des m\u00e9thodes centrales du traitement moderne du d\u00e9sir d&rsquo;enfant. Combin\u00e9es \u00e0 une optimisation cibl\u00e9e du cycle, elles permettent d&rsquo;augmenter consid\u00e9rablement les chances de grossesse. Dans notre centre de fertilit\u00e9, nous vous proposons un traitement adapt\u00e9 \u00e0 vos besoins &#8211; bas\u00e9 sur un diagnostic solide [&hellip;]<\/p>\n","protected":false},"author":1,"featured_media":0,"parent":0,"menu_order":0,"comment_status":"closed","ping_status":"closed","template":"","meta":{"_et_pb_use_builder":"on","_et_pb_old_content":"","_et_gb_content_width":"","footnotes":""},"dipi_cpt_category":[],"class_list":["post-1211","page","type-page","status-publish","hentry"],"yoast_head":"<!-- This site is optimized with the Yoast SEO plugin v27.4 - https:\/\/yoast.com\/product\/yoast-seo-wordpress\/ -->\n<title>M\u00e9thodes de traitement FIV\/ICSI jusqu&#039;\u00e0 l&#039;optimisation du cycle<\/title>\n<meta name=\"description\" content=\"Les m\u00e9thodes de traitement FIV\/ICSI font partie du traitement moderne du d\u00e9sir d&#039;enfant. Apprenez-en plus sur vos possibilit\u00e9s - individuelles &amp; fond\u00e9es.\" \/>\n<meta name=\"robots\" content=\"index, follow, max-snippet:-1, max-image-preview:large, max-video-preview:-1\" \/>\n<link rel=\"canonical\" href=\"https:\/\/kinderwunschzentrum-karlsruhe.de\/fr\/methodes-de-traitement\/\" \/>\n<meta property=\"og:locale\" content=\"fr_FR\" \/>\n<meta property=\"og:type\" content=\"article\" \/>\n<meta property=\"og:title\" content=\"M\u00e9thodes de traitement FIV\/ICSI jusqu&#039;\u00e0 l&#039;optimisation du cycle\" \/>\n<meta property=\"og:description\" content=\"Les m\u00e9thodes de traitement FIV\/ICSI font partie du traitement moderne du d\u00e9sir d&#039;enfant. Apprenez-en plus sur vos possibilit\u00e9s - individuelles &amp; fond\u00e9es.\" \/>\n<meta property=\"og:url\" content=\"https:\/\/kinderwunschzentrum-karlsruhe.de\/fr\/methodes-de-traitement\/\" \/>\n<meta property=\"og:site_name\" content=\"Kinderwunschzentrum Karlsruhe MVZ GmbH\" \/>\n<meta property=\"article:publisher\" content=\"https:\/\/www.facebook.com\/profile.php?id=100089849155765\" \/>\n<meta property=\"article:modified_time\" content=\"2025-09-29T07:09:05+00:00\" \/>\n<meta property=\"og:image\" content=\"https:\/\/kinderwunschzentrum-karlsruhe.de\/wp-content\/uploads\/2024\/02\/Logo_KiWuZe.png\" \/>\n\t<meta property=\"og:image:width\" content=\"1080\" \/>\n\t<meta property=\"og:image:height\" content=\"1080\" \/>\n\t<meta property=\"og:image:type\" content=\"image\/png\" \/>\n<meta name=\"twitter:card\" content=\"summary_large_image\" \/>\n<meta name=\"twitter:label1\" content=\"Dur\u00e9e de lecture estim\u00e9e\" \/>\n\t<meta name=\"twitter:data1\" content=\"3 minutes\" \/>\n<script type=\"application\/ld+json\" class=\"yoast-schema-graph\">{\"@context\":\"https:\\\/\\\/schema.org\",\"@graph\":[{\"@type\":\"WebPage\",\"@id\":\"https:\\\/\\\/kinderwunschzentrum-karlsruhe.de\\\/fr\\\/methodes-de-traitement\\\/\",\"url\":\"https:\\\/\\\/kinderwunschzentrum-karlsruhe.de\\\/fr\\\/methodes-de-traitement\\\/\",\"name\":\"M\u00e9thodes de traitement FIV\\\/ICSI jusqu'\u00e0 l'optimisation du cycle\",\"isPartOf\":{\"@id\":\"https:\\\/\\\/kinderwunschzentrum-karlsruhe.de\\\/#website\"},\"datePublished\":\"2023-05-22T09:49:02+00:00\",\"dateModified\":\"2025-09-29T07:09:05+00:00\",\"description\":\"Les m\u00e9thodes de traitement FIV\\\/ICSI font partie du traitement moderne du d\u00e9sir d'enfant. Apprenez-en plus sur vos possibilit\u00e9s - individuelles & fond\u00e9es.\",\"breadcrumb\":{\"@id\":\"https:\\\/\\\/kinderwunschzentrum-karlsruhe.de\\\/fr\\\/methodes-de-traitement\\\/#breadcrumb\"},\"inLanguage\":\"fr-FR\",\"potentialAction\":[{\"@type\":\"ReadAction\",\"target\":[\"https:\\\/\\\/kinderwunschzentrum-karlsruhe.de\\\/fr\\\/methodes-de-traitement\\\/\"]}]},{\"@type\":\"BreadcrumbList\",\"@id\":\"https:\\\/\\\/kinderwunschzentrum-karlsruhe.de\\\/fr\\\/methodes-de-traitement\\\/#breadcrumb\",\"itemListElement\":[{\"@type\":\"ListItem\",\"position\":1,\"name\":\"Startseite\",\"item\":\"https:\\\/\\\/kinderwunschzentrum-karlsruhe.de\\\/fr\\\/\"},{\"@type\":\"ListItem\",\"position\":2,\"name\":\"M\u00e9thodes de traitement\"}]},{\"@type\":\"WebSite\",\"@id\":\"https:\\\/\\\/kinderwunschzentrum-karlsruhe.de\\\/#website\",\"url\":\"https:\\\/\\\/kinderwunschzentrum-karlsruhe.de\\\/\",\"name\":\"Kinderwunschzentrum Karlsruhe MVZ GmbH\",\"description\":\"\",\"publisher\":{\"@id\":\"https:\\\/\\\/kinderwunschzentrum-karlsruhe.de\\\/#organization\"},\"potentialAction\":[{\"@type\":\"SearchAction\",\"target\":{\"@type\":\"EntryPoint\",\"urlTemplate\":\"https:\\\/\\\/kinderwunschzentrum-karlsruhe.de\\\/?s={search_term_string}\"},\"query-input\":{\"@type\":\"PropertyValueSpecification\",\"valueRequired\":true,\"valueName\":\"search_term_string\"}}],\"inLanguage\":\"fr-FR\"},{\"@type\":\"Organization\",\"@id\":\"https:\\\/\\\/kinderwunschzentrum-karlsruhe.de\\\/#organization\",\"name\":\"Kinderwunschzentrum Karlsruhe MVZ GmbH\",\"url\":\"https:\\\/\\\/kinderwunschzentrum-karlsruhe.de\\\/\",\"logo\":{\"@type\":\"ImageObject\",\"inLanguage\":\"fr-FR\",\"@id\":\"https:\\\/\\\/kinderwunschzentrum-karlsruhe.de\\\/#\\\/schema\\\/logo\\\/image\\\/\",\"url\":\"https:\\\/\\\/kinderwunschzentrum-karlsruhe.de\\\/wp-content\\\/uploads\\\/2024\\\/02\\\/Logo_KiWuZe.png\",\"contentUrl\":\"https:\\\/\\\/kinderwunschzentrum-karlsruhe.de\\\/wp-content\\\/uploads\\\/2024\\\/02\\\/Logo_KiWuZe.png\",\"width\":1080,\"height\":1080,\"caption\":\"Kinderwunschzentrum Karlsruhe MVZ GmbH\"},\"image\":{\"@id\":\"https:\\\/\\\/kinderwunschzentrum-karlsruhe.de\\\/#\\\/schema\\\/logo\\\/image\\\/\"},\"sameAs\":[\"https:\\\/\\\/www.facebook.com\\\/profile.php?id=100089849155765\",\"https:\\\/\\\/www.instagram.com\\\/kinderwunschzentrumkarlsruhe\\\/\"]}]}<\/script>\n<!-- \/ Yoast SEO plugin. -->","yoast_head_json":{"title":"M\u00e9thodes de traitement FIV\/ICSI jusqu'\u00e0 l'optimisation du cycle","description":"Les m\u00e9thodes de traitement FIV\/ICSI font partie du traitement moderne du d\u00e9sir d'enfant. Apprenez-en plus sur vos possibilit\u00e9s - individuelles & fond\u00e9es.","robots":{"index":"index","follow":"follow","max-snippet":"max-snippet:-1","max-image-preview":"max-image-preview:large","max-video-preview":"max-video-preview:-1"},"canonical":"https:\/\/kinderwunschzentrum-karlsruhe.de\/fr\/methodes-de-traitement\/","og_locale":"fr_FR","og_type":"article","og_title":"M\u00e9thodes de traitement FIV\/ICSI jusqu'\u00e0 l'optimisation du cycle","og_description":"Les m\u00e9thodes de traitement FIV\/ICSI font partie du traitement moderne du d\u00e9sir d'enfant. Apprenez-en plus sur vos possibilit\u00e9s - individuelles & fond\u00e9es.","og_url":"https:\/\/kinderwunschzentrum-karlsruhe.de\/fr\/methodes-de-traitement\/","og_site_name":"Kinderwunschzentrum Karlsruhe MVZ GmbH","article_publisher":"https:\/\/www.facebook.com\/profile.php?id=100089849155765","article_modified_time":"2025-09-29T07:09:05+00:00","og_image":[{"width":1080,"height":1080,"url":"https:\/\/kinderwunschzentrum-karlsruhe.de\/wp-content\/uploads\/2024\/02\/Logo_KiWuZe.png","type":"image\/png"}],"twitter_card":"summary_large_image","twitter_misc":{"Dur\u00e9e de lecture estim\u00e9e":"3 minutes"},"schema":{"@context":"https:\/\/schema.org","@graph":[{"@type":"WebPage","@id":"https:\/\/kinderwunschzentrum-karlsruhe.de\/fr\/methodes-de-traitement\/","url":"https:\/\/kinderwunschzentrum-karlsruhe.de\/fr\/methodes-de-traitement\/","name":"M\u00e9thodes de traitement FIV\/ICSI jusqu'\u00e0 l'optimisation du cycle","isPartOf":{"@id":"https:\/\/kinderwunschzentrum-karlsruhe.de\/#website"},"datePublished":"2023-05-22T09:49:02+00:00","dateModified":"2025-09-29T07:09:05+00:00","description":"Les m\u00e9thodes de traitement FIV\/ICSI font partie du traitement moderne du d\u00e9sir d'enfant. Apprenez-en plus sur vos possibilit\u00e9s - individuelles & fond\u00e9es.","breadcrumb":{"@id":"https:\/\/kinderwunschzentrum-karlsruhe.de\/fr\/methodes-de-traitement\/#breadcrumb"},"inLanguage":"fr-FR","potentialAction":[{"@type":"ReadAction","target":["https:\/\/kinderwunschzentrum-karlsruhe.de\/fr\/methodes-de-traitement\/"]}]},{"@type":"BreadcrumbList","@id":"https:\/\/kinderwunschzentrum-karlsruhe.de\/fr\/methodes-de-traitement\/#breadcrumb","itemListElement":[{"@type":"ListItem","position":1,"name":"Startseite","item":"https:\/\/kinderwunschzentrum-karlsruhe.de\/fr\/"},{"@type":"ListItem","position":2,"name":"M\u00e9thodes de traitement"}]},{"@type":"WebSite","@id":"https:\/\/kinderwunschzentrum-karlsruhe.de\/#website","url":"https:\/\/kinderwunschzentrum-karlsruhe.de\/","name":"Kinderwunschzentrum Karlsruhe MVZ GmbH","description":"","publisher":{"@id":"https:\/\/kinderwunschzentrum-karlsruhe.de\/#organization"},"potentialAction":[{"@type":"SearchAction","target":{"@type":"EntryPoint","urlTemplate":"https:\/\/kinderwunschzentrum-karlsruhe.de\/?s={search_term_string}"},"query-input":{"@type":"PropertyValueSpecification","valueRequired":true,"valueName":"search_term_string"}}],"inLanguage":"fr-FR"},{"@type":"Organization","@id":"https:\/\/kinderwunschzentrum-karlsruhe.de\/#organization","name":"Kinderwunschzentrum Karlsruhe MVZ GmbH","url":"https:\/\/kinderwunschzentrum-karlsruhe.de\/","logo":{"@type":"ImageObject","inLanguage":"fr-FR","@id":"https:\/\/kinderwunschzentrum-karlsruhe.de\/#\/schema\/logo\/image\/","url":"https:\/\/kinderwunschzentrum-karlsruhe.de\/wp-content\/uploads\/2024\/02\/Logo_KiWuZe.png","contentUrl":"https:\/\/kinderwunschzentrum-karlsruhe.de\/wp-content\/uploads\/2024\/02\/Logo_KiWuZe.png","width":1080,"height":1080,"caption":"Kinderwunschzentrum Karlsruhe MVZ GmbH"},"image":{"@id":"https:\/\/kinderwunschzentrum-karlsruhe.de\/#\/schema\/logo\/image\/"},"sameAs":["https:\/\/www.facebook.com\/profile.php?id=100089849155765","https:\/\/www.instagram.com\/kinderwunschzentrumkarlsruhe\/"]}]}},"_links":{"self":[{"href":"https:\/\/kinderwunschzentrum-karlsruhe.de\/fr\/wp-json\/wp\/v2\/pages\/1211","targetHints":{"allow":["GET"]}}],"collection":[{"href":"https:\/\/kinderwunschzentrum-karlsruhe.de\/fr\/wp-json\/wp\/v2\/pages"}],"about":[{"href":"https:\/\/kinderwunschzentrum-karlsruhe.de\/fr\/wp-json\/wp\/v2\/types\/page"}],"author":[{"embeddable":true,"href":"https:\/\/kinderwunschzentrum-karlsruhe.de\/fr\/wp-json\/wp\/v2\/users\/1"}],"replies":[{"embeddable":true,"href":"https:\/\/kinderwunschzentrum-karlsruhe.de\/fr\/wp-json\/wp\/v2\/comments?post=1211"}],"version-history":[{"count":9,"href":"https:\/\/kinderwunschzentrum-karlsruhe.de\/fr\/wp-json\/wp\/v2\/pages\/1211\/revisions"}],"predecessor-version":[{"id":25098740,"href":"https:\/\/kinderwunschzentrum-karlsruhe.de\/fr\/wp-json\/wp\/v2\/pages\/1211\/revisions\/25098740"}],"wp:attachment":[{"href":"https:\/\/kinderwunschzentrum-karlsruhe.de\/fr\/wp-json\/wp\/v2\/media?parent=1211"}],"wp:term":[{"taxonomy":"dipi_cpt_category","embeddable":true,"href":"https:\/\/kinderwunschzentrum-karlsruhe.de\/fr\/wp-json\/wp\/v2\/dipi_cpt_category?post=1211"}],"curies":[{"name":"wp","href":"https:\/\/api.w.org\/{rel}","templated":true}]}}