{"id":1232,"date":"2023-05-24T10:58:25","date_gmt":"2023-05-24T08:58:25","guid":{"rendered":"https:\/\/kinderwunschzentrum-karlsruhe.de\/qualite-du-sperme\/"},"modified":"2025-07-25T09:39:47","modified_gmt":"2025-07-25T07:39:47","slug":"qualite-du-sperme","status":"publish","type":"page","link":"https:\/\/kinderwunschzentrum-karlsruhe.de\/fr\/qualite-du-sperme\/","title":{"rendered":"Qualit\u00e9 du sperme"},"content":{"rendered":"<p>[et_pb_section fb_built=\u00a0\u00bb1&Prime; _builder_version=\u00a0\u00bb4.24.0&Prime; _module_preset=\u00a0\u00bbdefault\u00a0\u00bb background_color=\u00a0\u00bbRGBA(255,255,255,0)\u00a0\u00bb background_image=\u00a0\u00bbhttps:\/\/kinderwunschzentrum-karlsruhe.de\/wp-content\/uploads\/2023\/12\/KiWuZe_startseite_und_kinderwunsch_header_fr.jpg\u00a0\u00bb height=\u00a0\u00bb680px\u00a0\u00bb background_last_edited=\u00a0\u00bbon|phone\u00a0\u00bb background_image_phone=\u00a0\u00bbhttps:\/\/kinderwunschzentrum-karlsruhe.de\/wp-content\/uploads\/2023\/12\/KiWuZe_startseite_und_kinderwunsch_header_mobile_fr.jpg\u00a0\u00bb background_enable_image_phone=\u00a0\u00bbon\u00a0\u00bb background_position_tablet=\u00a0\u00bbcenter\u00a0\u00bb box_shadow_style=\u00a0\u00bbpreset3&Prime; global_module=\u00a0\u00bb25094410&Prime; locked=\u00a0\u00bboff\u00a0\u00bb global_colors_info=\u00a0\u00bb{}\u00a0\u00bb][\/et_pb_section][et_pb_section fb_built=\u00a0\u00bb1&Prime; _builder_version=\u00a0\u00bb4.21.0&Prime; _module_preset=\u00a0\u00bbdefault\u00a0\u00bb custom_padding=\u00a0\u00bb||||false|false\u00a0\u00bb global_colors_info=\u00a0\u00bb{}\u00a0\u00bb][et_pb_row _builder_version=\u00a0\u00bb4.21.0&Prime; _module_preset=\u00a0\u00bbdefault\u00a0\u00bb global_colors_info=\u00a0\u00bb{}\u00a0\u00bb][et_pb_column type=\u00a0\u00bb4_4&Prime; _builder_version=\u00a0\u00bb4.21.0&Prime; _module_preset=\u00a0\u00bbdefault\u00a0\u00bb global_colors_info=\u00a0\u00bb{}\u00a0\u00bb][et_pb_text content_tablet=\u00a0\u00bb<\/p>\n<h1><strong>D\u00e9sir d&rsquo;enfant malgr\u00e9 une fertilit\u00e9 limit\u00e9e<br \/><\/strong><\/h1>\n<h1><strong> <\/strong><\/h1>\n<p>\u00a0\u00bb content_phone=\u00a0\u00bb<\/p>\n<h1><strong>D\u00e9sir d&rsquo;enfant malgr\u00e9 une fertilit\u00e9 limit\u00e9e<br \/><\/strong><\/h1>\n<h1><strong> <\/strong><\/h1>\n<p>\u00a0\u00bb content_last_edited=\u00a0\u00bbon|phone\u00a0\u00bb _builder_version=\u00a0\u00bb4.21.0&Prime; _module_preset=\u00a0\u00bbdefault\u00a0\u00bb text_orientation=\u00a0\u00bbcenter\u00a0\u00bb global_colors_info=\u00a0\u00bb{}\u00a0\u00bb]<\/p>\n<h1><strong>D\u00e9sir d&rsquo;enfant malgr\u00e9 une fertilit\u00e9 limit\u00e9e<br \/><\/strong><\/h1>\n<p>[\/et_pb_text][\/et_pb_column][\/et_pb_row][et_pb_row _builder_version=\u00a0\u00bb4.21.0&Prime; _module_preset=\u00a0\u00bbdefault\u00a0\u00bb animation_style=\u00a0\u00bbfade\u00a0\u00bb animation_delay=\u00a0\u00bb450ms\u00a0\u00bb global_colors_info=\u00a0\u00bb{}\u00a0\u00bb][et_pb_column type=\u00a0\u00bb4_4&Prime; _builder_version=\u00a0\u00bb4.21.0&Prime; _module_preset=\u00a0\u00bbdefault\u00a0\u00bb global_colors_info=\u00a0\u00bb{}\u00a0\u00bb][et_pb_text _builder_version=\u00a0\u00bb4.27.4&Prime; _module_preset=\u00a0\u00bbdefault\u00a0\u00bb text_orientation=\u00a0\u00bbcenter\u00a0\u00bb global_colors_info=\u00a0\u00bb{}\u00a0\u00bb]<\/p>\n<section data-id=\"9f358b3\" data-element_type=\"section\">\n<div>\n<div>\n<div data-id=\"9da8614\" data-element_type=\"column\">\n<div>\n<div>\n<div data-id=\"97b0215\" data-element_type=\"widget\" data-widget_type=\"text-editor.default\">\n<div>\n<div>\n<p>En Allemagne, pr\u00e8s d&rsquo;un mariage sur six n&rsquo;a pas d&rsquo;enfant. 30 % des cas sont dus \u00e0 l&rsquo;homme. Pour que vous et votre femme fassiez un pas vers votre d\u00e9sir commun d&rsquo;enfant, nous vous proposons l&rsquo;examen diagnostique de votre \u00e9jaculat (spermogramme) pour d\u00e9terminer votre capacit\u00e9 \u00e0 procr\u00e9er.<\/p>\n<p>Le spermogramme nous permet de d\u00e9terminer si toutes les valeurs se situent dans la plage normale. Une qualit\u00e9 d&rsquo;\u00e9jaculat diff\u00e9rente de la norme est l&rsquo;une des causes les plus fr\u00e9quentes de l&rsquo;incapacit\u00e9 \u00e0 procr\u00e9er chez l&rsquo;homme. Le laboratoire andrologique du centre de fertilit\u00e9 \u00e0 travaille dans des conditions de salle blanche, conform\u00e9ment aux derni\u00e8res directives de l&rsquo;OMS. Les analyses effectu\u00e9es comprennent la d\u00e9termination du volume, du pH, de la viscosit\u00e9 de l&rsquo;\u00e9jaculat, de la concentration, de la mobilit\u00e9, de la vitalit\u00e9 et de la forme des spermatozo\u00efdes.<\/p>\n<p>Des examens optionnels tels que la recherche d&rsquo;auto-anticorps anti spermatozo\u00efdes (test MAR) ou la d\u00e9termination de l&rsquo;activit\u00e9 \u03b1-glucosidase dans l&rsquo;\u00e9jaculat peuvent fournir des indications suppl\u00e9mentaires sur la cause en cas de suspicion de restriction de la fertilit\u00e9.<\/p>\n<\/div>\n<\/div>\n<\/div>\n<\/div>\n<\/div>\n<\/div>\n<\/div>\n<\/div>\n<\/section>\n<section data-id=\"309a468\" data-element_type=\"section\"><\/section>\n<p>[\/et_pb_text][et_pb_divider divider_position=\u00a0\u00bbcenter\u00a0\u00bb _builder_version=\u00a0\u00bb4.21.0&Prime; _module_preset=\u00a0\u00bbdefault\u00a0\u00bb global_colors_info=\u00a0\u00bb{}\u00a0\u00bb][\/et_pb_divider][\/et_pb_column][\/et_pb_row][et_pb_row _builder_version=\u00a0\u00bb4.21.0&Prime; _module_preset=\u00a0\u00bbdefault\u00a0\u00bb global_colors_info=\u00a0\u00bb{}\u00a0\u00bb][et_pb_column type=\u00a0\u00bb4_4&Prime; _builder_version=\u00a0\u00bb4.21.0&Prime; _module_preset=\u00a0\u00bbdefault\u00a0\u00bb global_colors_info=\u00a0\u00bb{}\u00a0\u00bb][et_pb_text content_tablet=\u00a0\u00bb<\/p>\n<h2><strong>Qu&rsquo;est-ce qui m&rsquo;attend ?<br \/><\/strong><\/h2>\n<p>\u00a0\u00bb content_phone=\u00a0\u00bb<\/p>\n<h2><strong>Qu&rsquo;est-ce qui m&rsquo;attend ?<br \/><\/strong><\/h2>\n<p>\u00a0\u00bb content_last_edited=\u00a0\u00bbon|phone\u00a0\u00bb _builder_version=\u00a0\u00bb4.21.0&Prime; _module_preset=\u00a0\u00bbdefault\u00a0\u00bb text_orientation=\u00a0\u00bbcenter\u00a0\u00bb global_colors_info=\u00a0\u00bb{}\u00a0\u00bb]<\/p>\n<h2><strong>Qu&rsquo;est-ce qui m&rsquo;attend ?<br \/><\/strong><\/h2>\n<p>[\/et_pb_text][\/et_pb_column][\/et_pb_row][et_pb_row column_structure=\u00a0\u00bb1_4,3_4&Prime; _builder_version=\u00a0\u00bb4.21.0&Prime; _module_preset=\u00a0\u00bbdefault\u00a0\u00bb animation_style=\u00a0\u00bbfade\u00a0\u00bb animation_delay=\u00a0\u00bb450ms\u00a0\u00bb global_colors_info=\u00a0\u00bb{}\u00a0\u00bb][et_pb_column type=\u00a0\u00bb1_4&Prime; _builder_version=\u00a0\u00bb4.21.0&Prime; _module_preset=\u00a0\u00bbdefault\u00a0\u00bb global_colors_info=\u00a0\u00bb{}\u00a0\u00bb][et_pb_image src=\u00a0\u00bbhttps:\/\/kinderwunschzentrum-karlsruhe.de\/wp-content\/uploads\/2023\/05\/Kinderwunschzentrum-Karlsruhe_labor_Bild.jpeg\u00a0\u00bb alt=\u00a0\u00bbLes mains travaillent avec une bo\u00eete de P\u00e9tri sous un st\u00e9r\u00e9omicroscope dans un laboratoire avec un \u00e9clairage ponctuel.\u00a0\u00bb title_text=\u00a0\u00bbKinderwunschzentrum-Karlsruhe_labor_Bild\u00a0\u00bb _builder_version=\u00a0\u00bb4.27.4&Prime; _module_preset=\u00a0\u00bbdefault\u00a0\u00bb global_colors_info=\u00a0\u00bb{}\u00a0\u00bb][\/et_pb_image][\/et_pb_column][et_pb_column type=\u00a0\u00bb3_4&Prime; _builder_version=\u00a0\u00bb4.21.0&Prime; _module_preset=\u00a0\u00bbdefault\u00a0\u00bb global_colors_info=\u00a0\u00bb{}\u00a0\u00bb][et_pb_text _builder_version=\u00a0\u00bb4.27.4&Prime; _module_preset=\u00a0\u00bbdefault\u00a0\u00bb global_colors_info=\u00a0\u00bb{}\u00a0\u00bb]<\/p>\n<p>Nous connaissons les questions que vous vous posez en allant chez l&rsquo;urologue. C&rsquo;est pourquoi il est particuli\u00e8rement important pour nous de vous \u00f4ter tout obstacle. Un mariage sur six n&rsquo;a pas d&rsquo;enfant. Vous n&rsquo;\u00eates pas seul(e) \u00e0 vous poser la question.<\/p>\n<p>Avec notre syst\u00e8me de d\u00e9roulement en trois \u00e9tapes, nous esp\u00e9rons que le chemin sera un peu plus facile pour vous :<\/p>\n<ul>\n<li>Analyse de l&rsquo;\u00e9jaculat (spermogramme): L&rsquo;analyse de vos spermatozo\u00efdes nous renseigne sur votre capacit\u00e9 \u00e0 procr\u00e9er. Pour cela, nous avons besoin d&rsquo;un \u00e9chantillon de sperme. Pour que l&rsquo;examen soit significatif, vous ne devez pas avoir eu de rapports sexuels ni vous \u00eatre masturb\u00e9e quatre \u00e0 cinq jours avant.<\/li>\n<li>Avec les r\u00e9sultats des examens mentionn\u00e9s ci-dessus, nous d\u00e9cidons si d&rsquo;autres examens sont n\u00e9cessaires, comme par exemple des analyses hormonales par prise de sang. L&rsquo;examen de votre capacit\u00e9 \u00e0 procr\u00e9er prendra un certain temps si la cause d&rsquo;un trouble n&rsquo;est pas imm\u00e9diatement identifiable. Parfois, des examens compl\u00e9mentaires sont \u00e9galement n\u00e9cessaires. C&rsquo;est pourquoi il est important, malgr\u00e9 les circonstances, que vous fassiez preuve de s\u00e9r\u00e9nit\u00e9 et de patience pour franchir le pas vers la r\u00e9alisation de votre d\u00e9sir d&rsquo;enfant.<\/li>\n<li>Entretien m\u00e9dical avec le partenaire pour discuter des r\u00e9sultats et planifier les \u00e9tapes suivantes.<\/li>\n<\/ul>\n<div data-id=\"a48b402\" data-element_type=\"widget\" data-widget_type=\"heading.default\">\n<div>\n<h3>Notre gamme de prestations Andrologie<\/h3>\n<\/div>\n<\/div>\n<div data-id=\"7bfd4ba\" data-element_type=\"widget\" data-widget_type=\"icon-list.default\">\n<div>\n<ul>\n<li>Traitement du sperme, cryoconservation du sperme, cryoconservation du sperme avant le traitement d&rsquo;une tumeur en salle blanche<\/li>\n<li>Cong\u00e9lation de spermatozo\u00efdes apr\u00e8s pr\u00e9l\u00e8vement microchirurgical dans les testicules (extraction de spermatozo\u00efdes testiculaires \u00ab\u00a0Cryo-TESE\u00a0\u00bb)<\/li>\n<\/ul>\n<\/div>\n<\/div>\n<p>[\/et_pb_text][\/et_pb_column][\/et_pb_row][\/et_pb_section]<\/p>\n","protected":false},"excerpt":{"rendered":"<p>D\u00e9sir d&rsquo;enfant malgr\u00e9 une fertilit\u00e9 limit\u00e9e En Allemagne, pr\u00e8s d&rsquo;un mariage sur six n&rsquo;a pas d&rsquo;enfant. 30 % des cas sont dus \u00e0 l&rsquo;homme. Pour que vous et votre femme fassiez un pas vers votre d\u00e9sir commun d&rsquo;enfant, nous vous proposons l&rsquo;examen diagnostique de votre \u00e9jaculat (spermogramme) pour d\u00e9terminer votre capacit\u00e9 \u00e0 procr\u00e9er. Le spermogramme [&hellip;]<\/p>\n","protected":false},"author":1,"featured_media":0,"parent":0,"menu_order":0,"comment_status":"closed","ping_status":"closed","template":"","meta":{"_et_pb_use_builder":"on","_et_pb_old_content":"","_et_gb_content_width":"","footnotes":""},"dipi_cpt_category":[],"class_list":["post-1232","page","type-page","status-publish","hentry"],"yoast_head":"<!-- This site is optimized with the Yoast SEO plugin v26.9 - https:\/\/yoast.com\/product\/yoast-seo-wordpress\/ -->\n<title>Qualit\u00e9 du sperme - Kinderwunschzentrum Karlsruhe MVZ GmbH<\/title>\n<meta name=\"robots\" content=\"index, follow, max-snippet:-1, max-image-preview:large, max-video-preview:-1\" \/>\n<link rel=\"canonical\" href=\"https:\/\/kinderwunschzentrum-karlsruhe.de\/fr\/qualite-du-sperme\/\" \/>\n<meta property=\"og:locale\" content=\"fr_FR\" \/>\n<meta property=\"og:type\" content=\"article\" \/>\n<meta property=\"og:title\" content=\"Qualit\u00e9 du sperme - Kinderwunschzentrum Karlsruhe MVZ GmbH\" \/>\n<meta property=\"og:description\" content=\"D\u00e9sir d&#039;enfant malgr\u00e9 une fertilit\u00e9 limit\u00e9e En Allemagne, pr\u00e8s d&#039;un mariage sur six n&#039;a pas d&#039;enfant. 30 % des cas sont dus \u00e0 l&#039;homme. Pour que vous et votre femme fassiez un pas vers votre d\u00e9sir commun d&#039;enfant, nous vous proposons l&#039;examen diagnostique de votre \u00e9jaculat (spermogramme) pour d\u00e9terminer votre capacit\u00e9 \u00e0 procr\u00e9er. Le spermogramme [&hellip;]\" \/>\n<meta property=\"og:url\" content=\"https:\/\/kinderwunschzentrum-karlsruhe.de\/fr\/qualite-du-sperme\/\" \/>\n<meta property=\"og:site_name\" content=\"Kinderwunschzentrum Karlsruhe MVZ GmbH\" \/>\n<meta property=\"article:publisher\" content=\"https:\/\/www.facebook.com\/profile.php?id=100089849155765\" \/>\n<meta property=\"article:modified_time\" content=\"2025-07-25T07:39:47+00:00\" \/>\n<meta property=\"og:image\" content=\"https:\/\/kinderwunschzentrum-karlsruhe.de\/wp-content\/uploads\/2024\/02\/Logo_KiWuZe.png\" \/>\n\t<meta property=\"og:image:width\" content=\"1080\" \/>\n\t<meta property=\"og:image:height\" content=\"1080\" \/>\n\t<meta property=\"og:image:type\" content=\"image\/png\" \/>\n<meta name=\"twitter:card\" content=\"summary_large_image\" \/>\n<meta name=\"twitter:label1\" content=\"Dur\u00e9e de lecture estim\u00e9e\" \/>\n\t<meta name=\"twitter:data1\" content=\"4 minutes\" \/>\n<script type=\"application\/ld+json\" class=\"yoast-schema-graph\">{\"@context\":\"https:\/\/schema.org\",\"@graph\":[{\"@type\":\"WebPage\",\"@id\":\"https:\/\/kinderwunschzentrum-karlsruhe.de\/fr\/qualite-du-sperme\/\",\"url\":\"https:\/\/kinderwunschzentrum-karlsruhe.de\/fr\/qualite-du-sperme\/\",\"name\":\"Qualit\u00e9 du sperme - Kinderwunschzentrum Karlsruhe MVZ GmbH\",\"isPartOf\":{\"@id\":\"https:\/\/kinderwunschzentrum-karlsruhe.de\/#website\"},\"datePublished\":\"2023-05-24T08:58:25+00:00\",\"dateModified\":\"2025-07-25T07:39:47+00:00\",\"breadcrumb\":{\"@id\":\"https:\/\/kinderwunschzentrum-karlsruhe.de\/fr\/qualite-du-sperme\/#breadcrumb\"},\"inLanguage\":\"fr-FR\",\"potentialAction\":[{\"@type\":\"ReadAction\",\"target\":[\"https:\/\/kinderwunschzentrum-karlsruhe.de\/fr\/qualite-du-sperme\/\"]}]},{\"@type\":\"BreadcrumbList\",\"@id\":\"https:\/\/kinderwunschzentrum-karlsruhe.de\/fr\/qualite-du-sperme\/#breadcrumb\",\"itemListElement\":[{\"@type\":\"ListItem\",\"position\":1,\"name\":\"Startseite\",\"item\":\"https:\/\/kinderwunschzentrum-karlsruhe.de\/fr\/\"},{\"@type\":\"ListItem\",\"position\":2,\"name\":\"Qualit\u00e9 du sperme\"}]},{\"@type\":\"WebSite\",\"@id\":\"https:\/\/kinderwunschzentrum-karlsruhe.de\/#website\",\"url\":\"https:\/\/kinderwunschzentrum-karlsruhe.de\/\",\"name\":\"Kinderwunschzentrum Karlsruhe MVZ GmbH\",\"description\":\"\",\"publisher\":{\"@id\":\"https:\/\/kinderwunschzentrum-karlsruhe.de\/#organization\"},\"potentialAction\":[{\"@type\":\"SearchAction\",\"target\":{\"@type\":\"EntryPoint\",\"urlTemplate\":\"https:\/\/kinderwunschzentrum-karlsruhe.de\/?s={search_term_string}\"},\"query-input\":{\"@type\":\"PropertyValueSpecification\",\"valueRequired\":true,\"valueName\":\"search_term_string\"}}],\"inLanguage\":\"fr-FR\"},{\"@type\":\"Organization\",\"@id\":\"https:\/\/kinderwunschzentrum-karlsruhe.de\/#organization\",\"name\":\"Kinderwunschzentrum Karlsruhe MVZ GmbH\",\"url\":\"https:\/\/kinderwunschzentrum-karlsruhe.de\/\",\"logo\":{\"@type\":\"ImageObject\",\"inLanguage\":\"fr-FR\",\"@id\":\"https:\/\/kinderwunschzentrum-karlsruhe.de\/#\/schema\/logo\/image\/\",\"url\":\"https:\/\/kinderwunschzentrum-karlsruhe.de\/wp-content\/uploads\/2024\/02\/Logo_KiWuZe.png\",\"contentUrl\":\"https:\/\/kinderwunschzentrum-karlsruhe.de\/wp-content\/uploads\/2024\/02\/Logo_KiWuZe.png\",\"width\":1080,\"height\":1080,\"caption\":\"Kinderwunschzentrum Karlsruhe MVZ GmbH\"},\"image\":{\"@id\":\"https:\/\/kinderwunschzentrum-karlsruhe.de\/#\/schema\/logo\/image\/\"},\"sameAs\":[\"https:\/\/www.facebook.com\/profile.php?id=100089849155765\",\"https:\/\/www.instagram.com\/kinderwunschzentrumkarlsruhe\/\"]}]}<\/script>\n<!-- \/ Yoast SEO plugin. -->","yoast_head_json":{"title":"Qualit\u00e9 du sperme - Kinderwunschzentrum Karlsruhe MVZ GmbH","robots":{"index":"index","follow":"follow","max-snippet":"max-snippet:-1","max-image-preview":"max-image-preview:large","max-video-preview":"max-video-preview:-1"},"canonical":"https:\/\/kinderwunschzentrum-karlsruhe.de\/fr\/qualite-du-sperme\/","og_locale":"fr_FR","og_type":"article","og_title":"Qualit\u00e9 du sperme - Kinderwunschzentrum Karlsruhe MVZ GmbH","og_description":"D\u00e9sir d'enfant malgr\u00e9 une fertilit\u00e9 limit\u00e9e En Allemagne, pr\u00e8s d'un mariage sur six n'a pas d'enfant. 30 % des cas sont dus \u00e0 l'homme. Pour que vous et votre femme fassiez un pas vers votre d\u00e9sir commun d'enfant, nous vous proposons l'examen diagnostique de votre \u00e9jaculat (spermogramme) pour d\u00e9terminer votre capacit\u00e9 \u00e0 procr\u00e9er. Le spermogramme [&hellip;]","og_url":"https:\/\/kinderwunschzentrum-karlsruhe.de\/fr\/qualite-du-sperme\/","og_site_name":"Kinderwunschzentrum Karlsruhe MVZ GmbH","article_publisher":"https:\/\/www.facebook.com\/profile.php?id=100089849155765","article_modified_time":"2025-07-25T07:39:47+00:00","og_image":[{"width":1080,"height":1080,"url":"https:\/\/kinderwunschzentrum-karlsruhe.de\/wp-content\/uploads\/2024\/02\/Logo_KiWuZe.png","type":"image\/png"}],"twitter_card":"summary_large_image","twitter_misc":{"Dur\u00e9e de lecture estim\u00e9e":"4 minutes"},"schema":{"@context":"https:\/\/schema.org","@graph":[{"@type":"WebPage","@id":"https:\/\/kinderwunschzentrum-karlsruhe.de\/fr\/qualite-du-sperme\/","url":"https:\/\/kinderwunschzentrum-karlsruhe.de\/fr\/qualite-du-sperme\/","name":"Qualit\u00e9 du sperme - Kinderwunschzentrum Karlsruhe MVZ GmbH","isPartOf":{"@id":"https:\/\/kinderwunschzentrum-karlsruhe.de\/#website"},"datePublished":"2023-05-24T08:58:25+00:00","dateModified":"2025-07-25T07:39:47+00:00","breadcrumb":{"@id":"https:\/\/kinderwunschzentrum-karlsruhe.de\/fr\/qualite-du-sperme\/#breadcrumb"},"inLanguage":"fr-FR","potentialAction":[{"@type":"ReadAction","target":["https:\/\/kinderwunschzentrum-karlsruhe.de\/fr\/qualite-du-sperme\/"]}]},{"@type":"BreadcrumbList","@id":"https:\/\/kinderwunschzentrum-karlsruhe.de\/fr\/qualite-du-sperme\/#breadcrumb","itemListElement":[{"@type":"ListItem","position":1,"name":"Startseite","item":"https:\/\/kinderwunschzentrum-karlsruhe.de\/fr\/"},{"@type":"ListItem","position":2,"name":"Qualit\u00e9 du sperme"}]},{"@type":"WebSite","@id":"https:\/\/kinderwunschzentrum-karlsruhe.de\/#website","url":"https:\/\/kinderwunschzentrum-karlsruhe.de\/","name":"Kinderwunschzentrum Karlsruhe MVZ GmbH","description":"","publisher":{"@id":"https:\/\/kinderwunschzentrum-karlsruhe.de\/#organization"},"potentialAction":[{"@type":"SearchAction","target":{"@type":"EntryPoint","urlTemplate":"https:\/\/kinderwunschzentrum-karlsruhe.de\/?s={search_term_string}"},"query-input":{"@type":"PropertyValueSpecification","valueRequired":true,"valueName":"search_term_string"}}],"inLanguage":"fr-FR"},{"@type":"Organization","@id":"https:\/\/kinderwunschzentrum-karlsruhe.de\/#organization","name":"Kinderwunschzentrum Karlsruhe MVZ GmbH","url":"https:\/\/kinderwunschzentrum-karlsruhe.de\/","logo":{"@type":"ImageObject","inLanguage":"fr-FR","@id":"https:\/\/kinderwunschzentrum-karlsruhe.de\/#\/schema\/logo\/image\/","url":"https:\/\/kinderwunschzentrum-karlsruhe.de\/wp-content\/uploads\/2024\/02\/Logo_KiWuZe.png","contentUrl":"https:\/\/kinderwunschzentrum-karlsruhe.de\/wp-content\/uploads\/2024\/02\/Logo_KiWuZe.png","width":1080,"height":1080,"caption":"Kinderwunschzentrum Karlsruhe MVZ GmbH"},"image":{"@id":"https:\/\/kinderwunschzentrum-karlsruhe.de\/#\/schema\/logo\/image\/"},"sameAs":["https:\/\/www.facebook.com\/profile.php?id=100089849155765","https:\/\/www.instagram.com\/kinderwunschzentrumkarlsruhe\/"]}]}},"_links":{"self":[{"href":"https:\/\/kinderwunschzentrum-karlsruhe.de\/fr\/wp-json\/wp\/v2\/pages\/1232","targetHints":{"allow":["GET"]}}],"collection":[{"href":"https:\/\/kinderwunschzentrum-karlsruhe.de\/fr\/wp-json\/wp\/v2\/pages"}],"about":[{"href":"https:\/\/kinderwunschzentrum-karlsruhe.de\/fr\/wp-json\/wp\/v2\/types\/page"}],"author":[{"embeddable":true,"href":"https:\/\/kinderwunschzentrum-karlsruhe.de\/fr\/wp-json\/wp\/v2\/users\/1"}],"replies":[{"embeddable":true,"href":"https:\/\/kinderwunschzentrum-karlsruhe.de\/fr\/wp-json\/wp\/v2\/comments?post=1232"}],"version-history":[{"count":13,"href":"https:\/\/kinderwunschzentrum-karlsruhe.de\/fr\/wp-json\/wp\/v2\/pages\/1232\/revisions"}],"predecessor-version":[{"id":25098362,"href":"https:\/\/kinderwunschzentrum-karlsruhe.de\/fr\/wp-json\/wp\/v2\/pages\/1232\/revisions\/25098362"}],"wp:attachment":[{"href":"https:\/\/kinderwunschzentrum-karlsruhe.de\/fr\/wp-json\/wp\/v2\/media?parent=1232"}],"wp:term":[{"taxonomy":"dipi_cpt_category","embeddable":true,"href":"https:\/\/kinderwunschzentrum-karlsruhe.de\/fr\/wp-json\/wp\/v2\/dipi_cpt_category?post=1232"}],"curies":[{"name":"wp","href":"https:\/\/api.w.org\/{rel}","templated":true}]}}