{"id":1240,"date":"2023-05-24T10:36:31","date_gmt":"2023-05-24T08:36:31","guid":{"rendered":"https:\/\/kinderwunschzentrum-karlsruhe.de\/succes-du-traitement\/"},"modified":"2026-02-26T09:44:13","modified_gmt":"2026-02-26T08:44:13","slug":"succes-du-traitement","status":"publish","type":"page","link":"https:\/\/kinderwunschzentrum-karlsruhe.de\/fr\/succes-du-traitement\/","title":{"rendered":"Succ\u00e8s du traitement"},"content":{"rendered":"<p>[et_pb_section fb_built=\u00a0\u00bb1&Prime; _builder_version=\u00a0\u00bb4.24.0&Prime; _module_preset=\u00a0\u00bbdefault\u00a0\u00bb background_color=\u00a0\u00bbRGBA(255,255,255,0)\u00a0\u00bb background_image=\u00a0\u00bbhttps:\/\/kinderwunschzentrum-karlsruhe.de\/wp-content\/uploads\/2023\/12\/KiWuZe_startseite_und_kinderwunsch_header_fr.jpg\u00a0\u00bb height=\u00a0\u00bb680px\u00a0\u00bb background_last_edited=\u00a0\u00bbon|phone\u00a0\u00bb background_image_phone=\u00a0\u00bbhttps:\/\/kinderwunschzentrum-karlsruhe.de\/wp-content\/uploads\/2023\/12\/KiWuZe_startseite_und_kinderwunsch_header_mobile_fr.jpg\u00a0\u00bb background_enable_image_phone=\u00a0\u00bbon\u00a0\u00bb background_position_tablet=\u00a0\u00bbcenter\u00a0\u00bb box_shadow_style=\u00a0\u00bbpreset3&Prime; global_module=\u00a0\u00bb25094410&Prime; locked=\u00a0\u00bboff\u00a0\u00bb global_colors_info=\u00a0\u00bb{}\u00a0\u00bb][\/et_pb_section][et_pb_section fb_built=\u00a0\u00bb1&Prime; _builder_version=\u00a0\u00bb4.21.0&Prime; _module_preset=\u00a0\u00bbdefault\u00a0\u00bb custom_padding=\u00a0\u00bb||||false|false\u00a0\u00bb global_colors_info=\u00a0\u00bb{}\u00a0\u00bb][et_pb_row _builder_version=\u00a0\u00bb4.21.0&Prime; _module_preset=\u00a0\u00bbdefault\u00a0\u00bb global_colors_info=\u00a0\u00bb{}\u00a0\u00bb][et_pb_column type=\u00a0\u00bb4_4&Prime; _builder_version=\u00a0\u00bb4.21.0&Prime; _module_preset=\u00a0\u00bbdefault\u00a0\u00bb global_colors_info=\u00a0\u00bb{}\u00a0\u00bb][et_pb_text content_tablet=\u00a0\u00bb<\/p>\n<h1><strong>Succ\u00e8s<br \/>du traitement<br \/><\/strong><\/h1>\n<p>\u00a0\u00bb content_phone=\u00a0\u00bb<\/p>\n<h1><strong>Succ\u00e8s<br \/>du traitement<br \/><\/strong><\/h1>\n<p>\u00a0\u00bb content_last_edited=\u00a0\u00bboff|desktop\u00a0\u00bb _builder_version=\u00a0\u00bb4.27.5&Prime; _module_preset=\u00a0\u00bbdefault\u00a0\u00bb text_orientation=\u00a0\u00bbcenter\u00a0\u00bb hover_enabled=\u00a0\u00bb0&Prime; global_colors_info=\u00a0\u00bb{}\u00a0\u00bb sticky_enabled=\u00a0\u00bb0&Prime;]<\/p>\n<h1><strong>Succ\u00e8s du traitement : vos chances de tomber enceinte<\/strong><\/h1>\n<p>[\/et_pb_text][\/et_pb_column][\/et_pb_row][et_pb_row _builder_version=\u00a0\u00bb4.21.0&Prime; _module_preset=\u00a0\u00bbdefault\u00a0\u00bb animation_style=\u00a0\u00bbfade\u00a0\u00bb animation_delay=\u00a0\u00bb450ms\u00a0\u00bb locked=\u00a0\u00bboff\u00a0\u00bb global_colors_info=\u00a0\u00bb{}\u00a0\u00bb][et_pb_column type=\u00a0\u00bb4_4&Prime; _builder_version=\u00a0\u00bb4.21.0&Prime; _module_preset=\u00a0\u00bbdefault\u00a0\u00bb global_colors_info=\u00a0\u00bb{}\u00a0\u00bb][et_pb_text _builder_version=\u00a0\u00bb4.27.4&Prime; _module_preset=\u00a0\u00bbdefault\u00a0\u00bb text_orientation=\u00a0\u00bbcenter\u00a0\u00bb global_colors_info=\u00a0\u00bb{}\u00a0\u00bb]<\/p>\n<h2 data-start=\"603\" data-end=\"637\">Pourquoi cela ne fonctionne-t-il pas imm\u00e9diatement ?<\/h2>\n<p data-start=\"639\" data-end=\"884\" class=\"\">En Allemagne, environ un couple sur 7 \u00e0 10 reste d\u2019abord involontairement sans enfant. Environ un tiers des couples traverse au moins une fois une p\u00e9riode de plus de douze mois sans <strong data-start=\"836\" data-end=\"848\">ovulation<\/strong> r\u00e9guli\u00e8re aboutissant \u00e0 une <strong data-start=\"855\" data-end=\"874\">grossesse<\/strong>.<\/p>\n<h2 data-start=\"886\" data-end=\"935\">Quelles sont les chances de tomber enceinte ?<\/h2>\n<p data-start=\"937\" data-end=\"1193\" class=\"\">Pour un couple jeune et en bonne sant\u00e9 d\u2019environ 20 ans, la probabilit\u00e9 par cycle est d\u2019environ 40 %. De nombreux facteurs sont d\u00e9terminants \u2013 comme le moment de l\u2019ovulation, la qualit\u00e9 des ovules et le d\u00e9veloppement pr\u00e9coce de l\u2019embryon jusqu\u2019au stade de la <strong data-start=\"1177\" data-end=\"1192\">blastocyste<\/strong>.<\/p>\n<h2 data-start=\"1195\" data-end=\"1223\">L\u2019influence de l\u2019\u00e2ge<\/h2>\n<p data-start=\"1225\" data-end=\"1542\" class=\"\">Avec l\u2019\u00e2ge croissant de la femme, la <strong data-start=\"1266\" data-end=\"1304\">probabilit\u00e9 de grossesse<\/strong> diminue : entre 30 et 35 ans, elle n\u2019est plus que de 15 \u00e0 20 %. Il est donc judicieux d\u2019identifier les causes possibles \u00e0 un stade pr\u00e9coce \u2013 et de trouver des solutions cibl\u00e9es pour augmenter les chances d\u2019une <strong data-start=\"1511\" data-end=\"1530\">grossesse<\/strong> r\u00e9ussie.<\/p>\n<p>[\/et_pb_text][et_pb_divider divider_position=\u00a0\u00bbcenter\u00a0\u00bb _builder_version=\u00a0\u00bb4.21.0&Prime; _module_preset=\u00a0\u00bbdefault\u00a0\u00bb global_colors_info=\u00a0\u00bb{}\u00a0\u00bb][\/et_pb_divider][\/et_pb_column][\/et_pb_row][et_pb_row column_structure=\u00a0\u00bb1_2,1_2&Prime; _builder_version=\u00a0\u00bb4.21.0&Prime; _module_preset=\u00a0\u00bbdefault\u00a0\u00bb animation_style=\u00a0\u00bbfade\u00a0\u00bb locked=\u00a0\u00bboff\u00a0\u00bb global_colors_info=\u00a0\u00bb{}\u00a0\u00bb][et_pb_column type=\u00a0\u00bb1_2&Prime; _builder_version=\u00a0\u00bb4.21.0&Prime; _module_preset=\u00a0\u00bbdefault\u00a0\u00bb global_colors_info=\u00a0\u00bb{}\u00a0\u00bb][et_pb_text _builder_version=\u00a0\u00bb4.27.4&Prime; _module_preset=\u00a0\u00bbdefault\u00a0\u00bb global_colors_info=\u00a0\u00bb{}\u00a0\u00bb]<\/p>\n<h3 data-start=\"2004\" data-end=\"2054\"><em data-start=\"2011\" data-end=\"2054\">FIV, ICSI et chances de succ\u00e8s individuelles<\/em><\/h3>\n<p data-start=\"2056\" data-end=\"2335\" class=\"\">Les chances de <strong data-start=\"2075\" data-end=\"2098\">tomber enceinte<\/strong> varient \u00e9galement lors d\u2019un traitement par <strong data-start=\"2134\" data-end=\"2177\">procr\u00e9ation m\u00e9dicalement assist\u00e9e (PMA)<\/strong>. Des m\u00e9thodes comme la <strong data-start=\"2204\" data-end=\"2211\">FIV<\/strong> ou la <strong data-start=\"2217\" data-end=\"2225\">ICSI<\/strong> d\u00e9pendent fortement de l\u2019\u00e2ge de la femme, d\u2019\u00e9ventuelles pathologies pr\u00e9existantes et de la qualit\u00e9 des spermatozo\u00efdes.<\/p>\n<h4 data-start=\"2337\" data-end=\"2365\" class=\"\">Quand la m\u00e9thode ICSI est-elle pertinente ?<\/h4>\n<p data-start=\"2367\" data-end=\"2654\" class=\"\">La <strong data-start=\"2371\" data-end=\"2379\">ICSI<\/strong> (injection intracytoplasmique de spermatozo\u00efde) est principalement utilis\u00e9e lorsque la qualit\u00e9 des spermatozo\u00efdes est alt\u00e9r\u00e9e. Elle est consid\u00e9r\u00e9e comme une m\u00e9thode particuli\u00e8rement efficace pour permettre la f\u00e9condation de l\u2019ovule \u2013 et ainsi augmenter les chances de <strong data-start=\"2623\" data-end=\"2642\">grossesse<\/strong>.<\/p>\n<h4 data-start=\"2656\" data-end=\"2688\" class=\"\">O\u00f9 trouver des donn\u00e9es de r\u00e9ussite ?<\/h4>\n<p data-start=\"2690\" data-end=\"2901\" class=\"\">Les <strong data-start=\"2699\" data-end=\"2715\">donn\u00e9es de r\u00e9ussite<\/strong> actuelles concernant la FIV et l\u2019ICSI sont disponibles dans le <strong data-start=\"2746\" data-end=\"2780\">Registre allemand de la FIV (D\u00b7I\u00b7R)<\/strong>. Vous y trouverez une vue d\u2019ensemble transparente des chances statistiques selon les groupes d\u2019\u00e2ge et les types de traitement.<\/p>\n<p>[\/et_pb_text][\/et_pb_column][et_pb_column type=\u00a0\u00bb1_2&Prime; _builder_version=\u00a0\u00bb4.21.0&Prime; _module_preset=\u00a0\u00bbdefault\u00a0\u00bb global_colors_info=\u00a0\u00bb{}\u00a0\u00bb][et_pb_text _builder_version=\u00a0\u00bb4.27.4&Prime; _module_preset=\u00a0\u00bbdefault\u00a0\u00bb global_colors_info=\u00a0\u00bb{}\u00a0\u00bb]<\/p>\n<h3 data-start=\"2360\" data-end=\"2417\" class=\"\">Le v\u00e9ritable succ\u00e8s du traitement :<br \/>\nUn enfant en bonne sant\u00e9<\/h3>\n<h4 data-start=\"2419\" data-end=\"2458\" class=\"\">Traitement sur plusieurs cycles<\/h4>\n<p data-start=\"2460\" data-end=\"2668\" class=\"\">Le <strong data-start=\"2464\" data-end=\"2515\">taux de r\u00e9ussite d\u2019un traitement FIV ou FIV\/ICSI<\/strong> augmente avec le nombre de cycles effectu\u00e9s. Environ <strong data-start=\"2570\" data-end=\"2624\">65\u202f% des couples ont un enfant apr\u00e8s six cycles<\/strong> \u2013 un chiffre encourageant qui donne de l\u2019espoir.<\/p>\n<h4 data-start=\"2670\" data-end=\"2712\" class=\"\">Bien plus qu\u2019une grossesse<\/h4>\n<p data-start=\"2714\" data-end=\"3025\" class=\"\">Mais ce n\u2019est pas seulement l\u2019apparition d\u2019une <strong data-start=\"2748\" data-end=\"2767\">grossesse<\/strong> qui compte. Ce qui est d\u00e9cisif, c\u2019est aussi son d\u00e9roulement \u2013 jusqu\u2019\u00e0 la <strong data-start=\"2827\" data-end=\"2859\">naissance d\u2019un enfant en bonne sant\u00e9<\/strong>. C\u2019est notre objectif commun : mener \u00e0 bien le traitement de fertilit\u00e9 et offrir un nouveau d\u00e9part heureux \u00e0 votre famille.<\/p>\n<p>[\/et_pb_text][\/et_pb_column][\/et_pb_row][et_pb_row _builder_version=\u00a0\u00bb4.21.0&Prime; _module_preset=\u00a0\u00bbdefault\u00a0\u00bb animation_style=\u00a0\u00bbfade\u00a0\u00bb global_colors_info=\u00a0\u00bb{}\u00a0\u00bb][et_pb_column type=\u00a0\u00bb4_4&Prime; _builder_version=\u00a0\u00bb4.21.0&Prime; _module_preset=\u00a0\u00bbdefault\u00a0\u00bb global_colors_info=\u00a0\u00bb{}\u00a0\u00bb][et_pb_image src=\u00a0\u00bbhttps:\/\/kinderwunschzentrum-karlsruhe.de\/wp-content\/uploads\/2026\/02\/KiWuZe_IVF_ICSI_diagramm_202512_FR-1.webp\u00a0\u00bb alt=\u00a0\u00bbTaux de grossesse en fonction de l&rsquo;\u00e2ge de la femme, publication actuelle tir\u00e9e de l&rsquo;annuaire 2024, DIR. FIV, ICSI, FIV\/ICSI 2023. Le graphique montre une courbe des grossesses cliniques et des transferts d&#8217;embryons qui diminue de 24 ans (environ 45 %) \u00e0 45 ans (environ 5 %). La deuxi\u00e8me courbe montre les fausses couches, qui connaissent une l\u00e9g\u00e8re augmentation entre 24 ans (environ 16 %) et 38 ans (environ 28 %), puis d\u00e9passent 85 % jusqu&rsquo;\u00e0 l&rsquo;\u00e2ge de 45 ans. \u00a0\u00bb title_text=\u00a0\u00bbKiWuZe_IVF_ICSI_diagramm_202512_FR\u00a0\u00bb show_in_lightbox=\u00a0\u00bbon\u00a0\u00bb align=\u00a0\u00bbcenter\u00a0\u00bb _builder_version=\u00a0\u00bb4.27.5&Prime; _module_preset=\u00a0\u00bbdefault\u00a0\u00bb global_colors_info=\u00a0\u00bb{}\u00a0\u00bb][\/et_pb_image][\/et_pb_column][\/et_pb_row][et_pb_row _builder_version=\u00a0\u00bb4.21.0&Prime; _module_preset=\u00a0\u00bbdefault\u00a0\u00bb animation_style=\u00a0\u00bbfade\u00a0\u00bb animation_delay=\u00a0\u00bb450ms\u00a0\u00bb global_colors_info=\u00a0\u00bb{}\u00a0\u00bb][et_pb_column type=\u00a0\u00bb4_4&Prime; _builder_version=\u00a0\u00bb4.21.0&Prime; _module_preset=\u00a0\u00bbdefault\u00a0\u00bb global_colors_info=\u00a0\u00bb{}\u00a0\u00bb][et_pb_divider divider_position=\u00a0\u00bbcenter\u00a0\u00bb _builder_version=\u00a0\u00bb4.21.0&Prime; _module_preset=\u00a0\u00bbdefault\u00a0\u00bb global_colors_info=\u00a0\u00bb{}\u00a0\u00bb][\/et_pb_divider][\/et_pb_column][\/et_pb_row][et_pb_row column_structure=\u00a0\u00bb1_2,1_2&Prime; _builder_version=\u00a0\u00bb4.21.0&Prime; _module_preset=\u00a0\u00bbdefault\u00a0\u00bb animation_style=\u00a0\u00bbfade\u00a0\u00bb animation_delay=\u00a0\u00bb450ms\u00a0\u00bb global_colors_info=\u00a0\u00bb{}\u00a0\u00bb][et_pb_column type=\u00a0\u00bb1_2&Prime; _builder_version=\u00a0\u00bb4.21.0&Prime; _module_preset=\u00a0\u00bbdefault\u00a0\u00bb global_colors_info=\u00a0\u00bb{}\u00a0\u00bb][et_pb_text _builder_version=\u00a0\u00bb4.21.0&Prime; _module_preset=\u00a0\u00bbdefault\u00a0\u00bb global_colors_info=\u00a0\u00bb{}\u00a0\u00bb]<\/p>\n<section data-id=\"0143134\" data-element_type=\"section\">\n<div>\n<div>\n<div data-id=\"266c3fc\" data-element_type=\"column\">\n<div>\n<div>\n<div data-id=\"f450f49\" data-element_type=\"widget\" data-widget_type=\"text-editor.default\">\n<div>\n<div>\n<p>Il est parfois possible d&rsquo;obtenir des taux d&rsquo;accouchement tr\u00e8s \u00e9lev\u00e9s avec des sous-collectifs de patients id\u00e9aux. Mais si l&rsquo;on additionne les chiffres de r\u00e9sultats de tous les couples de patients sur une p\u00e9riode plus longue, un centre de FIV de pointe performant avec une tr\u00e8s bonne qualit\u00e9 de r\u00e9sultats, o\u00f9 que ce soit dans le monde, obtiendra au mieux un taux de naissance par cycle entam\u00e9 \u00e9quivalent \u00e0 celui qui est possible dans la nature pour des couples en bonne sant\u00e9 et fertiles, soit autour de 20%. Les r\u00e9sultats de la plupart des centres de FIV restent bien en de\u00e7\u00e0 de ces possibilit\u00e9s.<\/p>\n<p>Aucun centre de FIV au monde ne peut surpasser la nature : Plus de 50% des ovules de femmes \u00e2g\u00e9es de 35 ans seulement pr\u00e9sentent des malformations chromosomiques et p\u00e9riront donc apr\u00e8s la f\u00e9condation, cf. diagnostic des globules polaires. A cela s&rsquo;ajoutent les pertes dues \u00e0 la f\u00e9condation d&rsquo;ovules sains par des spermatozo\u00efdes pr\u00e9sentant des d\u00e9fauts chromosomiques et les pertes dues \u00e0 une mauvaise r\u00e9partition des chromosomes lors du d\u00e9veloppement ult\u00e9rieur des embryons pr\u00e9coces. Seuls quelques stades pr\u00e9nucl\u00e9aires ont le potentiel de devenir un blastocyste (embryon 5 jours apr\u00e8s la f\u00e9condation), et encore moins le potentiel de devenir un enfant. <\/p>\n<\/div>\n<\/div>\n<\/div>\n<\/div>\n<\/div>\n<\/div>\n<\/div>\n<\/div>\n<\/section>\n<p>[\/et_pb_text][\/et_pb_column][et_pb_column type=\u00a0\u00bb1_2&Prime; _builder_version=\u00a0\u00bb4.21.0&Prime; _module_preset=\u00a0\u00bbdefault\u00a0\u00bb global_colors_info=\u00a0\u00bb{}\u00a0\u00bb][et_pb_text _builder_version=\u00a0\u00bb4.21.0&Prime; _module_preset=\u00a0\u00bbdefault\u00a0\u00bb global_colors_info=\u00a0\u00bb{}\u00a0\u00bb]<\/p>\n<section data-id=\"0143134\" data-element_type=\"section\">\n<div>\n<div>\n<div data-id=\"266c3fc\" data-element_type=\"column\">\n<div>\n<div>\n<div data-id=\"f450f49\" data-element_type=\"widget\" data-widget_type=\"text-editor.default\">\n<div>\n<div>\n<p>En moyenne statistique, sur quinze stades pronucl\u00e9aires, seuls trois ont le potentiel de se d\u00e9velopper en blastocyste. Sur trois blastocystes, un seul a statistiquement le potentiel de devenir une vie humaine durable, un enfant.<\/p>\n<\/div>\n<\/div>\n<\/div>\n<\/div>\n<\/div>\n<\/div>\n<\/div>\n<\/div>\n<\/section>\n<section data-id=\"6573453c\" data-element_type=\"section\">\n<div>\n<div>\n<div data-id=\"77f0589d\" data-element_type=\"column\">\n<div>\n<div>\n<div data-id=\"16210e5b\" data-element_type=\"widget\" data-widget_type=\"shortcode.default\">\n<div>\n<div>\n<div data-elementor-type=\"wp-post\" data-elementor-id=\"3367\">\n<div>\n<div>\n<section data-id=\"d113008\" data-element_type=\"section\">\n<div>\n<div>\n<div data-id=\"89f1c44\" data-element_type=\"column\">\n<div>\n<div>\n<div data-id=\"4ee8cfb\" data-element_type=\"widget\" data-widget_type=\"divider.default\">\n<div>\n<div><\/div>\n<\/div>\n<\/div>\n<\/div>\n<\/div>\n<\/div>\n<\/div>\n<\/div>\n<\/section>\n<\/div>\n<\/div>\n<\/div>\n<\/div>\n<\/div>\n<\/div>\n<\/div>\n<\/div>\n<\/div>\n<\/div>\n<\/div>\n<\/section>\n<p>[\/et_pb_text][et_pb_image src=\u00a0\u00bbhttps:\/\/kinderwunschzentrum-karlsruhe.de\/wp-content\/uploads\/2023\/05\/Kinderwunschzentrum-Karlsruhe_Downloads.jpg\u00a0\u00bb alt=\u00a0\u00bbGros plan sur un nouveau-n\u00e9 endormi dans les bras d&rsquo;une m\u00e8re souriante &#8211; la s\u00e9curit\u00e9 et l&rsquo;amour \u00e0 l&rsquo;\u00e9tat pur.\u00a0\u00bb title_text=\u00a0\u00bbKinderwunschzentrum-Karlsruhe_Downloads\u00a0\u00bb _builder_version=\u00a0\u00bb4.27.4&Prime; _module_preset=\u00a0\u00bbdefault\u00a0\u00bb global_colors_info=\u00a0\u00bb{}\u00a0\u00bb][\/et_pb_image][\/et_pb_column][\/et_pb_row][\/et_pb_section]<\/p>\n","protected":false},"excerpt":{"rendered":"<p>Succ\u00e8s du traitement : vos chances de tomber enceintePourquoi cela ne fonctionne-t-il pas imm\u00e9diatement ? En Allemagne, environ un couple sur 7 \u00e0 10 reste d\u2019abord involontairement sans enfant. Environ un tiers des couples traverse au moins une fois une p\u00e9riode de plus de douze mois sans ovulation r\u00e9guli\u00e8re aboutissant \u00e0 une grossesse. Quelles sont [&hellip;]<\/p>\n","protected":false},"author":1,"featured_media":0,"parent":0,"menu_order":0,"comment_status":"closed","ping_status":"closed","template":"","meta":{"_et_pb_use_builder":"on","_et_pb_old_content":"","_et_gb_content_width":"","footnotes":""},"dipi_cpt_category":[],"class_list":["post-1240","page","type-page","status-publish","hentry"],"yoast_head":"<!-- This site is optimized with the Yoast SEO plugin v26.9 - https:\/\/yoast.com\/product\/yoast-seo-wordpress\/ -->\n<title>Succ\u00e8s du traitement - Kinderwunschzentrum Karlsruhe MVZ GmbH<\/title>\n<meta name=\"robots\" content=\"index, follow, max-snippet:-1, max-image-preview:large, max-video-preview:-1\" \/>\n<link rel=\"canonical\" href=\"https:\/\/kinderwunschzentrum-karlsruhe.de\/fr\/succes-du-traitement\/\" \/>\n<meta property=\"og:locale\" content=\"fr_FR\" \/>\n<meta property=\"og:type\" content=\"article\" \/>\n<meta property=\"og:title\" content=\"Succ\u00e8s du traitement - Kinderwunschzentrum Karlsruhe MVZ GmbH\" \/>\n<meta property=\"og:description\" content=\"Succ\u00e8s du traitement : vos chances de tomber enceintePourquoi cela ne fonctionne-t-il pas imm\u00e9diatement ? En Allemagne, environ un couple sur 7 \u00e0 10 reste d\u2019abord involontairement sans enfant. Environ un tiers des couples traverse au moins une fois une p\u00e9riode de plus de douze mois sans ovulation r\u00e9guli\u00e8re aboutissant \u00e0 une grossesse. Quelles sont [&hellip;]\" \/>\n<meta property=\"og:url\" content=\"https:\/\/kinderwunschzentrum-karlsruhe.de\/fr\/succes-du-traitement\/\" \/>\n<meta property=\"og:site_name\" content=\"Kinderwunschzentrum Karlsruhe MVZ GmbH\" \/>\n<meta property=\"article:publisher\" content=\"https:\/\/www.facebook.com\/profile.php?id=100089849155765\" \/>\n<meta property=\"article:modified_time\" content=\"2026-02-26T08:44:13+00:00\" \/>\n<meta property=\"og:image\" content=\"https:\/\/kinderwunschzentrum-karlsruhe.de\/wp-content\/uploads\/2024\/02\/Logo_KiWuZe.png\" \/>\n\t<meta property=\"og:image:width\" content=\"1080\" \/>\n\t<meta property=\"og:image:height\" content=\"1080\" \/>\n\t<meta property=\"og:image:type\" content=\"image\/png\" \/>\n<meta name=\"twitter:card\" content=\"summary_large_image\" \/>\n<meta name=\"twitter:label1\" content=\"Dur\u00e9e de lecture estim\u00e9e\" \/>\n\t<meta name=\"twitter:data1\" content=\"7 minutes\" \/>\n<script type=\"application\/ld+json\" class=\"yoast-schema-graph\">{\"@context\":\"https:\/\/schema.org\",\"@graph\":[{\"@type\":\"WebPage\",\"@id\":\"https:\/\/kinderwunschzentrum-karlsruhe.de\/fr\/succes-du-traitement\/\",\"url\":\"https:\/\/kinderwunschzentrum-karlsruhe.de\/fr\/succes-du-traitement\/\",\"name\":\"Succ\u00e8s du traitement - Kinderwunschzentrum Karlsruhe MVZ GmbH\",\"isPartOf\":{\"@id\":\"https:\/\/kinderwunschzentrum-karlsruhe.de\/#website\"},\"datePublished\":\"2023-05-24T08:36:31+00:00\",\"dateModified\":\"2026-02-26T08:44:13+00:00\",\"breadcrumb\":{\"@id\":\"https:\/\/kinderwunschzentrum-karlsruhe.de\/fr\/succes-du-traitement\/#breadcrumb\"},\"inLanguage\":\"fr-FR\",\"potentialAction\":[{\"@type\":\"ReadAction\",\"target\":[\"https:\/\/kinderwunschzentrum-karlsruhe.de\/fr\/succes-du-traitement\/\"]}]},{\"@type\":\"BreadcrumbList\",\"@id\":\"https:\/\/kinderwunschzentrum-karlsruhe.de\/fr\/succes-du-traitement\/#breadcrumb\",\"itemListElement\":[{\"@type\":\"ListItem\",\"position\":1,\"name\":\"Startseite\",\"item\":\"https:\/\/kinderwunschzentrum-karlsruhe.de\/fr\/\"},{\"@type\":\"ListItem\",\"position\":2,\"name\":\"Succ\u00e8s du traitement\"}]},{\"@type\":\"WebSite\",\"@id\":\"https:\/\/kinderwunschzentrum-karlsruhe.de\/#website\",\"url\":\"https:\/\/kinderwunschzentrum-karlsruhe.de\/\",\"name\":\"Kinderwunschzentrum Karlsruhe MVZ GmbH\",\"description\":\"\",\"publisher\":{\"@id\":\"https:\/\/kinderwunschzentrum-karlsruhe.de\/#organization\"},\"potentialAction\":[{\"@type\":\"SearchAction\",\"target\":{\"@type\":\"EntryPoint\",\"urlTemplate\":\"https:\/\/kinderwunschzentrum-karlsruhe.de\/?s={search_term_string}\"},\"query-input\":{\"@type\":\"PropertyValueSpecification\",\"valueRequired\":true,\"valueName\":\"search_term_string\"}}],\"inLanguage\":\"fr-FR\"},{\"@type\":\"Organization\",\"@id\":\"https:\/\/kinderwunschzentrum-karlsruhe.de\/#organization\",\"name\":\"Kinderwunschzentrum Karlsruhe MVZ GmbH\",\"url\":\"https:\/\/kinderwunschzentrum-karlsruhe.de\/\",\"logo\":{\"@type\":\"ImageObject\",\"inLanguage\":\"fr-FR\",\"@id\":\"https:\/\/kinderwunschzentrum-karlsruhe.de\/#\/schema\/logo\/image\/\",\"url\":\"https:\/\/kinderwunschzentrum-karlsruhe.de\/wp-content\/uploads\/2024\/02\/Logo_KiWuZe.png\",\"contentUrl\":\"https:\/\/kinderwunschzentrum-karlsruhe.de\/wp-content\/uploads\/2024\/02\/Logo_KiWuZe.png\",\"width\":1080,\"height\":1080,\"caption\":\"Kinderwunschzentrum Karlsruhe MVZ GmbH\"},\"image\":{\"@id\":\"https:\/\/kinderwunschzentrum-karlsruhe.de\/#\/schema\/logo\/image\/\"},\"sameAs\":[\"https:\/\/www.facebook.com\/profile.php?id=100089849155765\",\"https:\/\/www.instagram.com\/kinderwunschzentrumkarlsruhe\/\"]}]}<\/script>\n<!-- \/ Yoast SEO plugin. -->","yoast_head_json":{"title":"Succ\u00e8s du traitement - Kinderwunschzentrum Karlsruhe MVZ GmbH","robots":{"index":"index","follow":"follow","max-snippet":"max-snippet:-1","max-image-preview":"max-image-preview:large","max-video-preview":"max-video-preview:-1"},"canonical":"https:\/\/kinderwunschzentrum-karlsruhe.de\/fr\/succes-du-traitement\/","og_locale":"fr_FR","og_type":"article","og_title":"Succ\u00e8s du traitement - Kinderwunschzentrum Karlsruhe MVZ GmbH","og_description":"Succ\u00e8s du traitement : vos chances de tomber enceintePourquoi cela ne fonctionne-t-il pas imm\u00e9diatement ? En Allemagne, environ un couple sur 7 \u00e0 10 reste d\u2019abord involontairement sans enfant. Environ un tiers des couples traverse au moins une fois une p\u00e9riode de plus de douze mois sans ovulation r\u00e9guli\u00e8re aboutissant \u00e0 une grossesse. Quelles sont [&hellip;]","og_url":"https:\/\/kinderwunschzentrum-karlsruhe.de\/fr\/succes-du-traitement\/","og_site_name":"Kinderwunschzentrum Karlsruhe MVZ GmbH","article_publisher":"https:\/\/www.facebook.com\/profile.php?id=100089849155765","article_modified_time":"2026-02-26T08:44:13+00:00","og_image":[{"width":1080,"height":1080,"url":"https:\/\/kinderwunschzentrum-karlsruhe.de\/wp-content\/uploads\/2024\/02\/Logo_KiWuZe.png","type":"image\/png"}],"twitter_card":"summary_large_image","twitter_misc":{"Dur\u00e9e de lecture estim\u00e9e":"7 minutes"},"schema":{"@context":"https:\/\/schema.org","@graph":[{"@type":"WebPage","@id":"https:\/\/kinderwunschzentrum-karlsruhe.de\/fr\/succes-du-traitement\/","url":"https:\/\/kinderwunschzentrum-karlsruhe.de\/fr\/succes-du-traitement\/","name":"Succ\u00e8s du traitement - Kinderwunschzentrum Karlsruhe MVZ GmbH","isPartOf":{"@id":"https:\/\/kinderwunschzentrum-karlsruhe.de\/#website"},"datePublished":"2023-05-24T08:36:31+00:00","dateModified":"2026-02-26T08:44:13+00:00","breadcrumb":{"@id":"https:\/\/kinderwunschzentrum-karlsruhe.de\/fr\/succes-du-traitement\/#breadcrumb"},"inLanguage":"fr-FR","potentialAction":[{"@type":"ReadAction","target":["https:\/\/kinderwunschzentrum-karlsruhe.de\/fr\/succes-du-traitement\/"]}]},{"@type":"BreadcrumbList","@id":"https:\/\/kinderwunschzentrum-karlsruhe.de\/fr\/succes-du-traitement\/#breadcrumb","itemListElement":[{"@type":"ListItem","position":1,"name":"Startseite","item":"https:\/\/kinderwunschzentrum-karlsruhe.de\/fr\/"},{"@type":"ListItem","position":2,"name":"Succ\u00e8s du traitement"}]},{"@type":"WebSite","@id":"https:\/\/kinderwunschzentrum-karlsruhe.de\/#website","url":"https:\/\/kinderwunschzentrum-karlsruhe.de\/","name":"Kinderwunschzentrum Karlsruhe MVZ GmbH","description":"","publisher":{"@id":"https:\/\/kinderwunschzentrum-karlsruhe.de\/#organization"},"potentialAction":[{"@type":"SearchAction","target":{"@type":"EntryPoint","urlTemplate":"https:\/\/kinderwunschzentrum-karlsruhe.de\/?s={search_term_string}"},"query-input":{"@type":"PropertyValueSpecification","valueRequired":true,"valueName":"search_term_string"}}],"inLanguage":"fr-FR"},{"@type":"Organization","@id":"https:\/\/kinderwunschzentrum-karlsruhe.de\/#organization","name":"Kinderwunschzentrum Karlsruhe MVZ GmbH","url":"https:\/\/kinderwunschzentrum-karlsruhe.de\/","logo":{"@type":"ImageObject","inLanguage":"fr-FR","@id":"https:\/\/kinderwunschzentrum-karlsruhe.de\/#\/schema\/logo\/image\/","url":"https:\/\/kinderwunschzentrum-karlsruhe.de\/wp-content\/uploads\/2024\/02\/Logo_KiWuZe.png","contentUrl":"https:\/\/kinderwunschzentrum-karlsruhe.de\/wp-content\/uploads\/2024\/02\/Logo_KiWuZe.png","width":1080,"height":1080,"caption":"Kinderwunschzentrum Karlsruhe MVZ GmbH"},"image":{"@id":"https:\/\/kinderwunschzentrum-karlsruhe.de\/#\/schema\/logo\/image\/"},"sameAs":["https:\/\/www.facebook.com\/profile.php?id=100089849155765","https:\/\/www.instagram.com\/kinderwunschzentrumkarlsruhe\/"]}]}},"_links":{"self":[{"href":"https:\/\/kinderwunschzentrum-karlsruhe.de\/fr\/wp-json\/wp\/v2\/pages\/1240","targetHints":{"allow":["GET"]}}],"collection":[{"href":"https:\/\/kinderwunschzentrum-karlsruhe.de\/fr\/wp-json\/wp\/v2\/pages"}],"about":[{"href":"https:\/\/kinderwunschzentrum-karlsruhe.de\/fr\/wp-json\/wp\/v2\/types\/page"}],"author":[{"embeddable":true,"href":"https:\/\/kinderwunschzentrum-karlsruhe.de\/fr\/wp-json\/wp\/v2\/users\/1"}],"replies":[{"embeddable":true,"href":"https:\/\/kinderwunschzentrum-karlsruhe.de\/fr\/wp-json\/wp\/v2\/comments?post=1240"}],"version-history":[{"count":14,"href":"https:\/\/kinderwunschzentrum-karlsruhe.de\/fr\/wp-json\/wp\/v2\/pages\/1240\/revisions"}],"predecessor-version":[{"id":25099027,"href":"https:\/\/kinderwunschzentrum-karlsruhe.de\/fr\/wp-json\/wp\/v2\/pages\/1240\/revisions\/25099027"}],"wp:attachment":[{"href":"https:\/\/kinderwunschzentrum-karlsruhe.de\/fr\/wp-json\/wp\/v2\/media?parent=1240"}],"wp:term":[{"taxonomy":"dipi_cpt_category","embeddable":true,"href":"https:\/\/kinderwunschzentrum-karlsruhe.de\/fr\/wp-json\/wp\/v2\/dipi_cpt_category?post=1240"}],"curies":[{"name":"wp","href":"https:\/\/api.w.org\/{rel}","templated":true}]}}