{"id":25096957,"date":"2025-06-27T15:19:37","date_gmt":"2025-06-27T13:19:37","guid":{"rendered":"https:\/\/kinderwunschzentrum-karlsruhe.de\/plan-du-site\/"},"modified":"2025-07-25T10:01:13","modified_gmt":"2025-07-25T08:01:13","slug":"plan-du-site","status":"publish","type":"page","link":"https:\/\/kinderwunschzentrum-karlsruhe.de\/fr\/plan-du-site\/","title":{"rendered":"Plan du site"},"content":{"rendered":"<p>[et_pb_section fb_built=\u00a0\u00bb1&Prime; _builder_version=\u00a0\u00bb4.27.4&Prime; _module_preset=\u00a0\u00bbdefault\u00a0\u00bb global_colors_info=\u00a0\u00bb{}\u00a0\u00bb][et_pb_row _builder_version=\u00a0\u00bb4.27.4&Prime; _module_preset=\u00a0\u00bbdefault\u00a0\u00bb global_colors_info=\u00a0\u00bb{}\u00a0\u00bb][et_pb_column type=\u00a0\u00bb4_4&Prime; _builder_version=\u00a0\u00bb4.27.4&Prime; _module_preset=\u00a0\u00bbdefault\u00a0\u00bb global_colors_info=\u00a0\u00bb{}\u00a0\u00bb][et_pb_text _builder_version=\u00a0\u00bb4.27.4&Prime; _module_preset=\u00a0\u00bbdefault\u00a0\u00bb global_colors_info=\u00a0\u00bb{}\u00a0\u00bb]<\/p>\n<h1>Plan du site<\/h1>\n<div class=\"wsp-container\"><ul class=\"wsp-pages-list\">\n<li class=\"page_item page-item-1283\"><a href=\"https:\/\/kinderwunschzentrum-karlsruhe.de\/fr\/contact\/\">Contact<\/a><\/li>\n<li class=\"page_item page-item-25098580\"><a href=\"https:\/\/kinderwunschzentrum-karlsruhe.de\/fr\/declaration-relative-a-laccessibilite\/\">D\u00e9claration relative \u00e0 l&rsquo;accessibilit\u00e9<\/a><\/li>\n<li class=\"page_item page-item-1216\"><a href=\"https:\/\/kinderwunschzentrum-karlsruhe.de\/fr\/deroulement-du-traitement\/\">D\u00e9roulement du traitement<\/a><\/li>\n<li class=\"page_item page-item-1206\"><a href=\"https:\/\/kinderwunschzentrum-karlsruhe.de\/fr\/fertilite\/\">Fertilit\u00e9<\/a><\/li>\n<li class=\"page_item page-item-1252\"><a href=\"https:\/\/kinderwunschzentrum-karlsruhe.de\/fr\/frais-de-traitement\/\">Frais de traitement<\/a><\/li>\n<li class=\"page_item page-item-1265\"><a href=\"https:\/\/kinderwunschzentrum-karlsruhe.de\/fr\/glossaire\/\">Glossaire<\/a><\/li>\n<li class=\"page_item page-item-1146\"><a href=\"https:\/\/kinderwunschzentrum-karlsruhe.de\/fr\/histoire\/\">Histoire<\/a><\/li>\n<li class=\"page_item page-item-1113\"><a href=\"https:\/\/kinderwunschzentrum-karlsruhe.de\/fr\/imprimer\/\">Imprimer<\/a><\/li>\n<li class=\"page_item page-item-1124\"><a href=\"https:\/\/kinderwunschzentrum-karlsruhe.de\/fr\/lequipe\/\">L&rsquo;\u00e9quipe<\/a><\/li>\n<li class=\"page_item page-item-1211\"><a href=\"https:\/\/kinderwunschzentrum-karlsruhe.de\/fr\/methodes-de-traitement\/\">M\u00e9thodes de traitement<\/a><\/li>\n<li class=\"page_item page-item-1066\"><a href=\"https:\/\/kinderwunschzentrum-karlsruhe.de\/fr\/\">Page d&rsquo;accueil<\/a><\/li>\n<li class=\"page_item page-item-1138\"><a href=\"https:\/\/kinderwunschzentrum-karlsruhe.de\/fr\/partenaire-de-cooperation\/\">Partenaire de coop\u00e9ration<\/a><\/li>\n<li class=\"page_item page-item-25095611\"><a href=\"https:\/\/kinderwunschzentrum-karlsruhe.de\/fr\/directive-sur-les-cookies-ue\/\">Politique de cookies (UE)<\/a><\/li>\n<li class=\"page_item page-item-1225\"><a href=\"https:\/\/kinderwunschzentrum-karlsruhe.de\/fr\/procedure-doptimisation\/\">Proc\u00e9dure d&rsquo;optimisation<\/a><\/li>\n<li class=\"page_item page-item-1118\"><a href=\"https:\/\/kinderwunschzentrum-karlsruhe.de\/fr\/protection-des-donnees\/\">protection des donn\u00e9es<\/a><\/li>\n<li class=\"page_item page-item-1232\"><a href=\"https:\/\/kinderwunschzentrum-karlsruhe.de\/fr\/qualite-du-sperme\/\">Qualit\u00e9 du sperme<\/a><\/li>\n<li class=\"page_item page-item-1240\"><a href=\"https:\/\/kinderwunschzentrum-karlsruhe.de\/fr\/succes-du-traitement\/\">Succ\u00e8s du traitement<\/a><\/li>\n<li class=\"page_item page-item-1199\"><a href=\"https:\/\/kinderwunschzentrum-karlsruhe.de\/fr\/traitements\/\">Traitements<\/a><\/li>\n<\/ul>\n<\/div>\n<p>[\/et_pb_text][\/et_pb_column][\/et_pb_row][\/et_pb_section]<\/p>\n","protected":false},"excerpt":{"rendered":"<p>Plan du site <div class=\"wsp-container\"><ul class=\"wsp-pages-list\">\n<li class=\"page_item page-item-1283\"><a href=\"https:\/\/kinderwunschzentrum-karlsruhe.de\/fr\/contact\/\">Contact<\/a><\/li>\n<li class=\"page_item page-item-25098580\"><a href=\"https:\/\/kinderwunschzentrum-karlsruhe.de\/fr\/declaration-relative-a-laccessibilite\/\">D\u00e9claration relative \u00e0 l&rsquo;accessibilit\u00e9<\/a><\/li>\n<li class=\"page_item page-item-1216\"><a href=\"https:\/\/kinderwunschzentrum-karlsruhe.de\/fr\/deroulement-du-traitement\/\">D\u00e9roulement du traitement<\/a><\/li>\n<li class=\"page_item page-item-1206\"><a href=\"https:\/\/kinderwunschzentrum-karlsruhe.de\/fr\/fertilite\/\">Fertilit\u00e9<\/a><\/li>\n<li class=\"page_item page-item-1252\"><a href=\"https:\/\/kinderwunschzentrum-karlsruhe.de\/fr\/frais-de-traitement\/\">Frais de traitement<\/a><\/li>\n<li class=\"page_item page-item-1265\"><a href=\"https:\/\/kinderwunschzentrum-karlsruhe.de\/fr\/glossaire\/\">Glossaire<\/a><\/li>\n<li class=\"page_item page-item-1146\"><a href=\"https:\/\/kinderwunschzentrum-karlsruhe.de\/fr\/histoire\/\">Histoire<\/a><\/li>\n<li class=\"page_item page-item-1113\"><a href=\"https:\/\/kinderwunschzentrum-karlsruhe.de\/fr\/imprimer\/\">Imprimer<\/a><\/li>\n<li class=\"page_item page-item-1124\"><a href=\"https:\/\/kinderwunschzentrum-karlsruhe.de\/fr\/lequipe\/\">L&rsquo;\u00e9quipe<\/a><\/li>\n<li class=\"page_item page-item-1211\"><a href=\"https:\/\/kinderwunschzentrum-karlsruhe.de\/fr\/methodes-de-traitement\/\">M\u00e9thodes de traitement<\/a><\/li>\n<li class=\"page_item page-item-1066\"><a href=\"https:\/\/kinderwunschzentrum-karlsruhe.de\/fr\/\">Page d&rsquo;accueil<\/a><\/li>\n<li class=\"page_item page-item-1138\"><a href=\"https:\/\/kinderwunschzentrum-karlsruhe.de\/fr\/partenaire-de-cooperation\/\">Partenaire de coop\u00e9ration<\/a><\/li>\n<li class=\"page_item page-item-25095611\"><a href=\"https:\/\/kinderwunschzentrum-karlsruhe.de\/fr\/directive-sur-les-cookies-ue\/\">Politique de cookies (UE)<\/a><\/li>\n<li class=\"page_item page-item-1225\"><a href=\"https:\/\/kinderwunschzentrum-karlsruhe.de\/fr\/procedure-doptimisation\/\">Proc\u00e9dure d&rsquo;optimisation<\/a><\/li>\n<li class=\"page_item page-item-1118\"><a href=\"https:\/\/kinderwunschzentrum-karlsruhe.de\/fr\/protection-des-donnees\/\">protection des donn\u00e9es<\/a><\/li>\n<li class=\"page_item page-item-1232\"><a href=\"https:\/\/kinderwunschzentrum-karlsruhe.de\/fr\/qualite-du-sperme\/\">Qualit\u00e9 du sperme<\/a><\/li>\n<li class=\"page_item page-item-1240\"><a href=\"https:\/\/kinderwunschzentrum-karlsruhe.de\/fr\/succes-du-traitement\/\">Succ\u00e8s du traitement<\/a><\/li>\n<li class=\"page_item page-item-1199\"><a href=\"https:\/\/kinderwunschzentrum-karlsruhe.de\/fr\/traitements\/\">Traitements<\/a><\/li>\n<\/ul>\n<\/div><\/p>\n","protected":false},"author":1,"featured_media":0,"parent":0,"menu_order":0,"comment_status":"closed","ping_status":"closed","template":"","meta":{"_et_pb_use_builder":"on","_et_pb_old_content":"","_et_gb_content_width":"","footnotes":""},"dipi_cpt_category":[],"class_list":["post-25096957","page","type-page","status-publish","hentry"],"yoast_head":"<!-- This site is optimized with the Yoast SEO plugin v26.9 - https:\/\/yoast.com\/product\/yoast-seo-wordpress\/ -->\n<title>Plan du site - Kinderwunschzentrum Karlsruhe MVZ GmbH<\/title>\n<meta name=\"robots\" content=\"index, follow, max-snippet:-1, max-image-preview:large, max-video-preview:-1\" \/>\n<link rel=\"canonical\" href=\"https:\/\/kinderwunschzentrum-karlsruhe.de\/sitemap\/\" \/>\n<meta property=\"og:locale\" content=\"fr_FR\" \/>\n<meta property=\"og:type\" content=\"article\" \/>\n<meta property=\"og:title\" content=\"Plan du site - Kinderwunschzentrum Karlsruhe MVZ GmbH\" \/>\n<meta property=\"og:description\" content=\"Plan du site\" \/>\n<meta property=\"og:url\" content=\"https:\/\/kinderwunschzentrum-karlsruhe.de\/sitemap\/\" \/>\n<meta property=\"og:site_name\" content=\"Kinderwunschzentrum Karlsruhe MVZ GmbH\" \/>\n<meta property=\"article:publisher\" content=\"https:\/\/www.facebook.com\/profile.php?id=100089849155765\" \/>\n<meta property=\"article:modified_time\" content=\"2025-07-25T08:01:13+00:00\" \/>\n<meta property=\"og:image\" content=\"https:\/\/kinderwunschzentrum-karlsruhe.de\/wp-content\/uploads\/2024\/02\/Logo_KiWuZe.png\" \/>\n\t<meta property=\"og:image:width\" content=\"1080\" \/>\n\t<meta property=\"og:image:height\" content=\"1080\" \/>\n\t<meta property=\"og:image:type\" content=\"image\/png\" \/>\n<meta name=\"twitter:card\" content=\"summary_large_image\" \/>\n<script type=\"application\/ld+json\" class=\"yoast-schema-graph\">{\"@context\":\"https:\/\/schema.org\",\"@graph\":[{\"@type\":\"WebPage\",\"@id\":\"https:\/\/kinderwunschzentrum-karlsruhe.de\/sitemap\/\",\"url\":\"https:\/\/kinderwunschzentrum-karlsruhe.de\/sitemap\/\",\"name\":\"Plan du site - Kinderwunschzentrum Karlsruhe MVZ GmbH\",\"isPartOf\":{\"@id\":\"https:\/\/kinderwunschzentrum-karlsruhe.de\/#website\"},\"datePublished\":\"2025-06-27T13:19:37+00:00\",\"dateModified\":\"2025-07-25T08:01:13+00:00\",\"breadcrumb\":{\"@id\":\"https:\/\/kinderwunschzentrum-karlsruhe.de\/sitemap\/#breadcrumb\"},\"inLanguage\":\"fr-FR\",\"potentialAction\":[{\"@type\":\"ReadAction\",\"target\":[\"https:\/\/kinderwunschzentrum-karlsruhe.de\/sitemap\/\"]}]},{\"@type\":\"BreadcrumbList\",\"@id\":\"https:\/\/kinderwunschzentrum-karlsruhe.de\/sitemap\/#breadcrumb\",\"itemListElement\":[{\"@type\":\"ListItem\",\"position\":1,\"name\":\"Startseite\",\"item\":\"https:\/\/kinderwunschzentrum-karlsruhe.de\/fr\/\"},{\"@type\":\"ListItem\",\"position\":2,\"name\":\"Plan du site\"}]},{\"@type\":\"WebSite\",\"@id\":\"https:\/\/kinderwunschzentrum-karlsruhe.de\/#website\",\"url\":\"https:\/\/kinderwunschzentrum-karlsruhe.de\/\",\"name\":\"Kinderwunschzentrum Karlsruhe MVZ GmbH\",\"description\":\"\",\"publisher\":{\"@id\":\"https:\/\/kinderwunschzentrum-karlsruhe.de\/#organization\"},\"potentialAction\":[{\"@type\":\"SearchAction\",\"target\":{\"@type\":\"EntryPoint\",\"urlTemplate\":\"https:\/\/kinderwunschzentrum-karlsruhe.de\/?s={search_term_string}\"},\"query-input\":{\"@type\":\"PropertyValueSpecification\",\"valueRequired\":true,\"valueName\":\"search_term_string\"}}],\"inLanguage\":\"fr-FR\"},{\"@type\":\"Organization\",\"@id\":\"https:\/\/kinderwunschzentrum-karlsruhe.de\/#organization\",\"name\":\"Kinderwunschzentrum Karlsruhe MVZ GmbH\",\"url\":\"https:\/\/kinderwunschzentrum-karlsruhe.de\/\",\"logo\":{\"@type\":\"ImageObject\",\"inLanguage\":\"fr-FR\",\"@id\":\"https:\/\/kinderwunschzentrum-karlsruhe.de\/#\/schema\/logo\/image\/\",\"url\":\"https:\/\/kinderwunschzentrum-karlsruhe.de\/wp-content\/uploads\/2024\/02\/Logo_KiWuZe.png\",\"contentUrl\":\"https:\/\/kinderwunschzentrum-karlsruhe.de\/wp-content\/uploads\/2024\/02\/Logo_KiWuZe.png\",\"width\":1080,\"height\":1080,\"caption\":\"Kinderwunschzentrum Karlsruhe MVZ GmbH\"},\"image\":{\"@id\":\"https:\/\/kinderwunschzentrum-karlsruhe.de\/#\/schema\/logo\/image\/\"},\"sameAs\":[\"https:\/\/www.facebook.com\/profile.php?id=100089849155765\",\"https:\/\/www.instagram.com\/kinderwunschzentrumkarlsruhe\/\"]}]}<\/script>\n<!-- \/ Yoast SEO plugin. -->","yoast_head_json":{"title":"Plan du site - Kinderwunschzentrum Karlsruhe MVZ GmbH","robots":{"index":"index","follow":"follow","max-snippet":"max-snippet:-1","max-image-preview":"max-image-preview:large","max-video-preview":"max-video-preview:-1"},"canonical":"https:\/\/kinderwunschzentrum-karlsruhe.de\/sitemap\/","og_locale":"fr_FR","og_type":"article","og_title":"Plan du site - Kinderwunschzentrum Karlsruhe MVZ GmbH","og_description":"Plan du site","og_url":"https:\/\/kinderwunschzentrum-karlsruhe.de\/sitemap\/","og_site_name":"Kinderwunschzentrum Karlsruhe MVZ GmbH","article_publisher":"https:\/\/www.facebook.com\/profile.php?id=100089849155765","article_modified_time":"2025-07-25T08:01:13+00:00","og_image":[{"width":1080,"height":1080,"url":"https:\/\/kinderwunschzentrum-karlsruhe.de\/wp-content\/uploads\/2024\/02\/Logo_KiWuZe.png","type":"image\/png"}],"twitter_card":"summary_large_image","schema":{"@context":"https:\/\/schema.org","@graph":[{"@type":"WebPage","@id":"https:\/\/kinderwunschzentrum-karlsruhe.de\/sitemap\/","url":"https:\/\/kinderwunschzentrum-karlsruhe.de\/sitemap\/","name":"Plan du site - Kinderwunschzentrum Karlsruhe MVZ GmbH","isPartOf":{"@id":"https:\/\/kinderwunschzentrum-karlsruhe.de\/#website"},"datePublished":"2025-06-27T13:19:37+00:00","dateModified":"2025-07-25T08:01:13+00:00","breadcrumb":{"@id":"https:\/\/kinderwunschzentrum-karlsruhe.de\/sitemap\/#breadcrumb"},"inLanguage":"fr-FR","potentialAction":[{"@type":"ReadAction","target":["https:\/\/kinderwunschzentrum-karlsruhe.de\/sitemap\/"]}]},{"@type":"BreadcrumbList","@id":"https:\/\/kinderwunschzentrum-karlsruhe.de\/sitemap\/#breadcrumb","itemListElement":[{"@type":"ListItem","position":1,"name":"Startseite","item":"https:\/\/kinderwunschzentrum-karlsruhe.de\/fr\/"},{"@type":"ListItem","position":2,"name":"Plan du site"}]},{"@type":"WebSite","@id":"https:\/\/kinderwunschzentrum-karlsruhe.de\/#website","url":"https:\/\/kinderwunschzentrum-karlsruhe.de\/","name":"Kinderwunschzentrum Karlsruhe MVZ GmbH","description":"","publisher":{"@id":"https:\/\/kinderwunschzentrum-karlsruhe.de\/#organization"},"potentialAction":[{"@type":"SearchAction","target":{"@type":"EntryPoint","urlTemplate":"https:\/\/kinderwunschzentrum-karlsruhe.de\/?s={search_term_string}"},"query-input":{"@type":"PropertyValueSpecification","valueRequired":true,"valueName":"search_term_string"}}],"inLanguage":"fr-FR"},{"@type":"Organization","@id":"https:\/\/kinderwunschzentrum-karlsruhe.de\/#organization","name":"Kinderwunschzentrum Karlsruhe MVZ GmbH","url":"https:\/\/kinderwunschzentrum-karlsruhe.de\/","logo":{"@type":"ImageObject","inLanguage":"fr-FR","@id":"https:\/\/kinderwunschzentrum-karlsruhe.de\/#\/schema\/logo\/image\/","url":"https:\/\/kinderwunschzentrum-karlsruhe.de\/wp-content\/uploads\/2024\/02\/Logo_KiWuZe.png","contentUrl":"https:\/\/kinderwunschzentrum-karlsruhe.de\/wp-content\/uploads\/2024\/02\/Logo_KiWuZe.png","width":1080,"height":1080,"caption":"Kinderwunschzentrum Karlsruhe MVZ GmbH"},"image":{"@id":"https:\/\/kinderwunschzentrum-karlsruhe.de\/#\/schema\/logo\/image\/"},"sameAs":["https:\/\/www.facebook.com\/profile.php?id=100089849155765","https:\/\/www.instagram.com\/kinderwunschzentrumkarlsruhe\/"]}]}},"_links":{"self":[{"href":"https:\/\/kinderwunschzentrum-karlsruhe.de\/fr\/wp-json\/wp\/v2\/pages\/25096957","targetHints":{"allow":["GET"]}}],"collection":[{"href":"https:\/\/kinderwunschzentrum-karlsruhe.de\/fr\/wp-json\/wp\/v2\/pages"}],"about":[{"href":"https:\/\/kinderwunschzentrum-karlsruhe.de\/fr\/wp-json\/wp\/v2\/types\/page"}],"author":[{"embeddable":true,"href":"https:\/\/kinderwunschzentrum-karlsruhe.de\/fr\/wp-json\/wp\/v2\/users\/1"}],"replies":[{"embeddable":true,"href":"https:\/\/kinderwunschzentrum-karlsruhe.de\/fr\/wp-json\/wp\/v2\/comments?post=25096957"}],"version-history":[{"count":5,"href":"https:\/\/kinderwunschzentrum-karlsruhe.de\/fr\/wp-json\/wp\/v2\/pages\/25096957\/revisions"}],"predecessor-version":[{"id":25098388,"href":"https:\/\/kinderwunschzentrum-karlsruhe.de\/fr\/wp-json\/wp\/v2\/pages\/25096957\/revisions\/25098388"}],"wp:attachment":[{"href":"https:\/\/kinderwunschzentrum-karlsruhe.de\/fr\/wp-json\/wp\/v2\/media?parent=25096957"}],"wp:term":[{"taxonomy":"dipi_cpt_category","embeddable":true,"href":"https:\/\/kinderwunschzentrum-karlsruhe.de\/fr\/wp-json\/wp\/v2\/dipi_cpt_category?post=25096957"}],"curies":[{"name":"wp","href":"https:\/\/api.w.org\/{rel}","templated":true}]}}