{"id":25098580,"date":"2025-08-14T08:23:27","date_gmt":"2025-08-14T06:23:27","guid":{"rendered":"https:\/\/kinderwunschzentrum-karlsruhe.de\/declaration-relative-a-laccessibilite\/"},"modified":"2026-03-26T09:04:39","modified_gmt":"2026-03-26T08:04:39","slug":"declaration-relative-a-laccessibilite","status":"publish","type":"page","link":"https:\/\/kinderwunschzentrum-karlsruhe.de\/fr\/declaration-relative-a-laccessibilite\/","title":{"rendered":"D\u00e9claration relative \u00e0 l&rsquo;accessibilit\u00e9"},"content":{"rendered":"<p>[et_pb_section fb_built=\u00a0\u00bb1&Prime; _builder_version=\u00a0\u00bb4.24.0&Prime; _module_preset=\u00a0\u00bbdefault\u00a0\u00bb background_color=\u00a0\u00bbRGBA(255,255,255,0)\u00a0\u00bb background_image=\u00a0\u00bbhttps:\/\/kinderwunschzentrum-karlsruhe.de\/wp-content\/uploads\/2023\/12\/KiWuZe_startseite_und_kinderwunsch_header_fr.jpg\u00a0\u00bb height=\u00a0\u00bb680px\u00a0\u00bb background_last_edited=\u00a0\u00bbon|phone\u00a0\u00bb background_image_phone=\u00a0\u00bbhttps:\/\/kinderwunschzentrum-karlsruhe.de\/wp-content\/uploads\/2023\/12\/KiWuZe_startseite_und_kinderwunsch_header_mobile_fr.jpg\u00a0\u00bb background_enable_image_phone=\u00a0\u00bbon\u00a0\u00bb background_position_tablet=\u00a0\u00bbcenter\u00a0\u00bb box_shadow_style=\u00a0\u00bbpreset3&Prime; global_module=\u00a0\u00bb25094410&Prime; locked=\u00a0\u00bboff\u00a0\u00bb global_colors_info=\u00a0\u00bb{}\u00a0\u00bb][\/et_pb_section][et_pb_section fb_built=\u00a0\u00bb1&Prime; _builder_version=\u00a0\u00bb4.27.4&Prime; _module_preset=\u00a0\u00bbdefault\u00a0\u00bb global_colors_info=\u00a0\u00bb{}\u00a0\u00bb][et_pb_row _builder_version=\u00a0\u00bb4.27.4&Prime; _module_preset=\u00a0\u00bbdefault\u00a0\u00bb global_colors_info=\u00a0\u00bb{}\u00a0\u00bb][et_pb_column type=\u00a0\u00bb4_4&Prime; _builder_version=\u00a0\u00bb4.27.4&Prime; _module_preset=\u00a0\u00bbdefault\u00a0\u00bb global_colors_info=\u00a0\u00bb{}\u00a0\u00bb][et_pb_text _builder_version=\u00a0\u00bb4.27.5&Prime; _module_preset=\u00a0\u00bbdefault\u00a0\u00bb hover_enabled=\u00a0\u00bb0&Prime; global_colors_info=\u00a0\u00bb{}\u00a0\u00bb sticky_enabled=\u00a0\u00bb0&Prime;]<\/p>\n<h1>D\u00e9claration relative \u00e0 l&rsquo;accessibilit\u00e9<\/h1>\n<p>En tant qu&rsquo;exploitant du site web, nous (Kinderwunschzentrum Karlsruhe MVZ GmbH) nous effor\u00e7ons de concevoir le site web conform\u00e9ment aux dispositions applicables en mati\u00e8re d&rsquo;accessibilit\u00e9. Nous sommes soumis aux dispositions l\u00e9gales suivantes :<\/p>\n<p>Loi r\u00e9gionale sur l&rsquo;\u00e9galit\u00e9 des personnes handicap\u00e9es (Landes-Behindertengleichstellungsgesetz &#8211; L-BGG) et r\u00e8glement d&rsquo;application de la L-BGG<\/p>\n<h2>Website<\/h2>\n<p>Cette d\u00e9claration d&rsquo;accessibilit\u00e9 s&rsquo;applique au site web <a href=\"https:\/\/kinderwunschzentrum-karlsruhe.de\/fr\/\">https:\/\/kinderwunschzentrum-karlsruhe.de\/<\/a>.<\/p>\n<h2>Commentaires et coordonn\u00e9es<\/h2>\n<p>Avez-vous remarqu\u00e9 des lacunes dans l&rsquo;accessibilit\u00e9 des contenus de notre site web ou avez-vous des remarques ou des questions concernant l&rsquo;accessibilit\u00e9 ? N&rsquo;h\u00e9sitez pas \u00e0 nous contacter \u00e0 l&rsquo;adresse suivante :<\/p>\n<blockquote>\n<p>Kinderwunschzentrum Karlsruhe MVZ GmbH<\/p>\n<p>Waldstra\u00dfe 2<\/p>\n<p>76133 Karlsruhe<\/p>\n<p>T\u00e9l\u00e9phone: <span style=\"text-decoration: underline;\"><a href=\"tel:+497218246700\">0721 8246 700<\/a><\/span><\/p>\n<p>E-mail: <span style=\"text-decoration: underline;\"><a href=\"mailto:info@ivf-programm.de\">info@ivf-programm.de<\/a><\/span><\/p>\n<\/blockquote>\n<h2>\u00c9tat de la compatibilit\u00e9 avec les exigences<\/h2>\n<p>Ce site web est enti\u00e8rement conforme aux r\u00e9glementations en vigueur en mati\u00e8re d&rsquo;accessibilit\u00e9.<\/p>\n<h3>M\u00e9thode d&rsquo;\u00e9valuation<\/h3>\n<p>L&rsquo;accessibilit\u00e9 de ce site web a \u00e9t\u00e9 \u00e9valu\u00e9e en juillet 2025 \u00e0 l&rsquo;aide d&rsquo;une \u00e9valuation syst\u00e9matique r\u00e9alis\u00e9e par tac office marketing sur la base des crit\u00e8res WCAG 2.1 aux niveaux de conformit\u00e9 A et AA. \u2028\u00c0 cette fin, une liste de contr\u00f4le exhaustive comprenant \u00e0 la fois des proc\u00e9dures de v\u00e9rification manuelles et des tests automatis\u00e9s a \u00e9t\u00e9 utilis\u00e9e. Les \u00e9l\u00e9ments suivants ont notamment \u00e9t\u00e9 v\u00e9rifi\u00e9s :<\/p>\n<ul>\n<li>Coh\u00e9rence et accessibilit\u00e9 de la navigation<\/li>\n<li>Structures HTML et ARIA (validit\u00e9 et exactitude s\u00e9mantique)<\/li>\n<li>\u00c9volutivit\u00e9 et circulation du contenu sur diff\u00e9rents appareils<\/li>\n<li>Contrastes de couleurs et textes alternatifs<\/li>\n<li>Utilisation du clavier et guidage du focus<\/li>\n<li>Compatibilit\u00e9 avec les lecteurs d&rsquo;\u00e9cran<\/li>\n<li>Conception de formulaires accessibles<\/li>\n<li>Respect des exigences relatives aux m\u00e9dias int\u00e9gr\u00e9s (par exemple, sous-titres, alternatives textuelles)<\/li>\n<\/ul>\n<p>Les \u00e9l\u00e9ments suivants ont notamment \u00e9t\u00e9 utilis\u00e9s :<\/p>\n<ul>\n<li>axe DevTools<\/li>\n<li>WAVE<\/li>\n<li>W3C HTML Validator<\/li>\n<\/ul>\n<p>ainsi que des contr\u00f4les manuels \u00e0 l&rsquo;aide de lecteurs d&rsquo;\u00e9cran (par exemple VoiceOver) et des Chrome DevTools.\u2028Pour certains aspects techniques, des outils de simulation (par exemple tests de zoom, simulateurs de vision des couleurs) ont \u00e9galement \u00e9t\u00e9 utilis\u00e9s afin de comprendre les \u00e9ventuelles restrictions d&rsquo;utilisation.<\/p>\n<h2>Proc\u00e9dure d&rsquo;ex\u00e9cution<\/h2>\n<p>Si vous estimez \u00eatre d\u00e9savantag\u00e9 par l&rsquo;accessibilit\u00e9 insuffisante de notre site Web, vous pouvez vous adresser \u00e0 l&rsquo;autorit\u00e9 comp\u00e9tente. Vous pouvez la joindre \u00e0 l&rsquo;adresse suivante :<\/p>\n<blockquote>\n<p>Ministerium f\u00fcr Soziales und Integration Baden-W\u00fcrttemberg<\/p>\n<p>Else-Josenhans-Stra\u00dfe 6<\/p>\n<p>70173 Stuttgart<\/p>\n<p>T\u00e9l\u00e9phone : 0711 279-3360<\/p>\n<p>E-Mail: <a href=\"mailto:poststelle@bfbmb.bwl.de\">poststelle@bfbmb.bwl.de<\/a><\/p>\n<\/blockquote>\n<h2>Cr\u00e9ation de cette d\u00e9claration d&rsquo;accessibilit\u00e9<\/h2>\n<p>Cette d\u00e9claration a \u00e9t\u00e9 \u00e9tablie le 27 juin 2025.<\/p>\n<p>La d\u00e9claration a \u00e9t\u00e9 v\u00e9rifi\u00e9e pour la derni\u00e8re fois le 14 ao\u00fbt 2025.<\/p>\n<p>Source: <a href=\"https:\/\/www.e-recht24.de\">https:\/\/www.e-recht24.de<\/a><\/p>\n<p>[\/et_pb_text][\/et_pb_column][\/et_pb_row][\/et_pb_section]<\/p>\n","protected":false},"excerpt":{"rendered":"<p>D\u00e9claration relative \u00e0 l&rsquo;accessibilit\u00e9 En tant qu&rsquo;exploitant du site web, nous (Kinderwunschzentrum Karlsruhe MVZ GmbH) nous effor\u00e7ons de concevoir le site web conform\u00e9ment aux dispositions applicables en mati\u00e8re d&rsquo;accessibilit\u00e9. Nous sommes soumis aux dispositions l\u00e9gales suivantes : Loi r\u00e9gionale sur l&rsquo;\u00e9galit\u00e9 des personnes handicap\u00e9es (Landes-Behindertengleichstellungsgesetz &#8211; L-BGG) et r\u00e8glement d&rsquo;application de la L-BGG Website Cette [&hellip;]<\/p>\n","protected":false},"author":1,"featured_media":0,"parent":0,"menu_order":0,"comment_status":"closed","ping_status":"closed","template":"","meta":{"_et_pb_use_builder":"on","_et_pb_old_content":"","_et_gb_content_width":"","footnotes":""},"dipi_cpt_category":[],"class_list":["post-25098580","page","type-page","status-publish","hentry"],"yoast_head":"<!-- This site is optimized with the Yoast SEO plugin v27.4 - https:\/\/yoast.com\/product\/yoast-seo-wordpress\/ -->\n<title>D\u00e9claration relative \u00e0 l&#039;accessibilit\u00e9 - Kinderwunschzentrum Karlsruhe MVZ GmbH<\/title>\n<meta name=\"robots\" content=\"index, follow, max-snippet:-1, max-image-preview:large, max-video-preview:-1\" \/>\n<link rel=\"canonical\" href=\"https:\/\/kinderwunschzentrum-karlsruhe.de\/fr\/declaration-relative-a-laccessibilite\/\" \/>\n<meta property=\"og:locale\" content=\"fr_FR\" \/>\n<meta property=\"og:type\" content=\"article\" \/>\n<meta property=\"og:title\" content=\"D\u00e9claration relative \u00e0 l&#039;accessibilit\u00e9 - Kinderwunschzentrum Karlsruhe MVZ GmbH\" \/>\n<meta property=\"og:description\" content=\"D\u00e9claration relative \u00e0 l&#039;accessibilit\u00e9 En tant qu&#039;exploitant du site web, nous (Kinderwunschzentrum Karlsruhe MVZ GmbH) nous effor\u00e7ons de concevoir le site web conform\u00e9ment aux dispositions applicables en mati\u00e8re d&#039;accessibilit\u00e9. Nous sommes soumis aux dispositions l\u00e9gales suivantes : Loi r\u00e9gionale sur l&#039;\u00e9galit\u00e9 des personnes handicap\u00e9es (Landes-Behindertengleichstellungsgesetz - L-BGG) et r\u00e8glement d&#039;application de la L-BGG Website Cette [&hellip;]\" \/>\n<meta property=\"og:url\" content=\"https:\/\/kinderwunschzentrum-karlsruhe.de\/fr\/declaration-relative-a-laccessibilite\/\" \/>\n<meta property=\"og:site_name\" content=\"Kinderwunschzentrum Karlsruhe MVZ GmbH\" \/>\n<meta property=\"article:publisher\" content=\"https:\/\/www.facebook.com\/profile.php?id=100089849155765\" \/>\n<meta property=\"article:modified_time\" content=\"2026-03-26T08:04:39+00:00\" \/>\n<meta property=\"og:image\" content=\"https:\/\/kinderwunschzentrum-karlsruhe.de\/wp-content\/uploads\/2024\/02\/Logo_KiWuZe.png\" \/>\n\t<meta property=\"og:image:width\" content=\"1080\" \/>\n\t<meta property=\"og:image:height\" content=\"1080\" \/>\n\t<meta property=\"og:image:type\" content=\"image\/png\" \/>\n<meta name=\"twitter:card\" content=\"summary_large_image\" \/>\n<meta name=\"twitter:label1\" content=\"Dur\u00e9e de lecture estim\u00e9e\" \/>\n\t<meta name=\"twitter:data1\" content=\"3 minutes\" \/>\n<script type=\"application\/ld+json\" class=\"yoast-schema-graph\">{\"@context\":\"https:\\\/\\\/schema.org\",\"@graph\":[{\"@type\":\"WebPage\",\"@id\":\"https:\\\/\\\/kinderwunschzentrum-karlsruhe.de\\\/fr\\\/declaration-relative-a-laccessibilite\\\/\",\"url\":\"https:\\\/\\\/kinderwunschzentrum-karlsruhe.de\\\/fr\\\/declaration-relative-a-laccessibilite\\\/\",\"name\":\"D\u00e9claration relative \u00e0 l'accessibilit\u00e9 - Kinderwunschzentrum Karlsruhe MVZ GmbH\",\"isPartOf\":{\"@id\":\"https:\\\/\\\/kinderwunschzentrum-karlsruhe.de\\\/#website\"},\"datePublished\":\"2025-08-14T06:23:27+00:00\",\"dateModified\":\"2026-03-26T08:04:39+00:00\",\"breadcrumb\":{\"@id\":\"https:\\\/\\\/kinderwunschzentrum-karlsruhe.de\\\/fr\\\/declaration-relative-a-laccessibilite\\\/#breadcrumb\"},\"inLanguage\":\"fr-FR\",\"potentialAction\":[{\"@type\":\"ReadAction\",\"target\":[\"https:\\\/\\\/kinderwunschzentrum-karlsruhe.de\\\/fr\\\/declaration-relative-a-laccessibilite\\\/\"]}]},{\"@type\":\"BreadcrumbList\",\"@id\":\"https:\\\/\\\/kinderwunschzentrum-karlsruhe.de\\\/fr\\\/declaration-relative-a-laccessibilite\\\/#breadcrumb\",\"itemListElement\":[{\"@type\":\"ListItem\",\"position\":1,\"name\":\"Startseite\",\"item\":\"https:\\\/\\\/kinderwunschzentrum-karlsruhe.de\\\/fr\\\/\"},{\"@type\":\"ListItem\",\"position\":2,\"name\":\"D\u00e9claration relative \u00e0 l&rsquo;accessibilit\u00e9\"}]},{\"@type\":\"WebSite\",\"@id\":\"https:\\\/\\\/kinderwunschzentrum-karlsruhe.de\\\/#website\",\"url\":\"https:\\\/\\\/kinderwunschzentrum-karlsruhe.de\\\/\",\"name\":\"Kinderwunschzentrum Karlsruhe MVZ GmbH\",\"description\":\"\",\"publisher\":{\"@id\":\"https:\\\/\\\/kinderwunschzentrum-karlsruhe.de\\\/#organization\"},\"potentialAction\":[{\"@type\":\"SearchAction\",\"target\":{\"@type\":\"EntryPoint\",\"urlTemplate\":\"https:\\\/\\\/kinderwunschzentrum-karlsruhe.de\\\/?s={search_term_string}\"},\"query-input\":{\"@type\":\"PropertyValueSpecification\",\"valueRequired\":true,\"valueName\":\"search_term_string\"}}],\"inLanguage\":\"fr-FR\"},{\"@type\":\"Organization\",\"@id\":\"https:\\\/\\\/kinderwunschzentrum-karlsruhe.de\\\/#organization\",\"name\":\"Kinderwunschzentrum Karlsruhe MVZ GmbH\",\"url\":\"https:\\\/\\\/kinderwunschzentrum-karlsruhe.de\\\/\",\"logo\":{\"@type\":\"ImageObject\",\"inLanguage\":\"fr-FR\",\"@id\":\"https:\\\/\\\/kinderwunschzentrum-karlsruhe.de\\\/#\\\/schema\\\/logo\\\/image\\\/\",\"url\":\"https:\\\/\\\/kinderwunschzentrum-karlsruhe.de\\\/wp-content\\\/uploads\\\/2024\\\/02\\\/Logo_KiWuZe.png\",\"contentUrl\":\"https:\\\/\\\/kinderwunschzentrum-karlsruhe.de\\\/wp-content\\\/uploads\\\/2024\\\/02\\\/Logo_KiWuZe.png\",\"width\":1080,\"height\":1080,\"caption\":\"Kinderwunschzentrum Karlsruhe MVZ GmbH\"},\"image\":{\"@id\":\"https:\\\/\\\/kinderwunschzentrum-karlsruhe.de\\\/#\\\/schema\\\/logo\\\/image\\\/\"},\"sameAs\":[\"https:\\\/\\\/www.facebook.com\\\/profile.php?id=100089849155765\",\"https:\\\/\\\/www.instagram.com\\\/kinderwunschzentrumkarlsruhe\\\/\"]}]}<\/script>\n<!-- \/ Yoast SEO plugin. -->","yoast_head_json":{"title":"D\u00e9claration relative \u00e0 l'accessibilit\u00e9 - Kinderwunschzentrum Karlsruhe MVZ GmbH","robots":{"index":"index","follow":"follow","max-snippet":"max-snippet:-1","max-image-preview":"max-image-preview:large","max-video-preview":"max-video-preview:-1"},"canonical":"https:\/\/kinderwunschzentrum-karlsruhe.de\/fr\/declaration-relative-a-laccessibilite\/","og_locale":"fr_FR","og_type":"article","og_title":"D\u00e9claration relative \u00e0 l'accessibilit\u00e9 - Kinderwunschzentrum Karlsruhe MVZ GmbH","og_description":"D\u00e9claration relative \u00e0 l'accessibilit\u00e9 En tant qu'exploitant du site web, nous (Kinderwunschzentrum Karlsruhe MVZ GmbH) nous effor\u00e7ons de concevoir le site web conform\u00e9ment aux dispositions applicables en mati\u00e8re d'accessibilit\u00e9. Nous sommes soumis aux dispositions l\u00e9gales suivantes : Loi r\u00e9gionale sur l'\u00e9galit\u00e9 des personnes handicap\u00e9es (Landes-Behindertengleichstellungsgesetz - L-BGG) et r\u00e8glement d'application de la L-BGG Website Cette [&hellip;]","og_url":"https:\/\/kinderwunschzentrum-karlsruhe.de\/fr\/declaration-relative-a-laccessibilite\/","og_site_name":"Kinderwunschzentrum Karlsruhe MVZ GmbH","article_publisher":"https:\/\/www.facebook.com\/profile.php?id=100089849155765","article_modified_time":"2026-03-26T08:04:39+00:00","og_image":[{"width":1080,"height":1080,"url":"https:\/\/kinderwunschzentrum-karlsruhe.de\/wp-content\/uploads\/2024\/02\/Logo_KiWuZe.png","type":"image\/png"}],"twitter_card":"summary_large_image","twitter_misc":{"Dur\u00e9e de lecture estim\u00e9e":"3 minutes"},"schema":{"@context":"https:\/\/schema.org","@graph":[{"@type":"WebPage","@id":"https:\/\/kinderwunschzentrum-karlsruhe.de\/fr\/declaration-relative-a-laccessibilite\/","url":"https:\/\/kinderwunschzentrum-karlsruhe.de\/fr\/declaration-relative-a-laccessibilite\/","name":"D\u00e9claration relative \u00e0 l'accessibilit\u00e9 - Kinderwunschzentrum Karlsruhe MVZ GmbH","isPartOf":{"@id":"https:\/\/kinderwunschzentrum-karlsruhe.de\/#website"},"datePublished":"2025-08-14T06:23:27+00:00","dateModified":"2026-03-26T08:04:39+00:00","breadcrumb":{"@id":"https:\/\/kinderwunschzentrum-karlsruhe.de\/fr\/declaration-relative-a-laccessibilite\/#breadcrumb"},"inLanguage":"fr-FR","potentialAction":[{"@type":"ReadAction","target":["https:\/\/kinderwunschzentrum-karlsruhe.de\/fr\/declaration-relative-a-laccessibilite\/"]}]},{"@type":"BreadcrumbList","@id":"https:\/\/kinderwunschzentrum-karlsruhe.de\/fr\/declaration-relative-a-laccessibilite\/#breadcrumb","itemListElement":[{"@type":"ListItem","position":1,"name":"Startseite","item":"https:\/\/kinderwunschzentrum-karlsruhe.de\/fr\/"},{"@type":"ListItem","position":2,"name":"D\u00e9claration relative \u00e0 l&rsquo;accessibilit\u00e9"}]},{"@type":"WebSite","@id":"https:\/\/kinderwunschzentrum-karlsruhe.de\/#website","url":"https:\/\/kinderwunschzentrum-karlsruhe.de\/","name":"Kinderwunschzentrum Karlsruhe MVZ GmbH","description":"","publisher":{"@id":"https:\/\/kinderwunschzentrum-karlsruhe.de\/#organization"},"potentialAction":[{"@type":"SearchAction","target":{"@type":"EntryPoint","urlTemplate":"https:\/\/kinderwunschzentrum-karlsruhe.de\/?s={search_term_string}"},"query-input":{"@type":"PropertyValueSpecification","valueRequired":true,"valueName":"search_term_string"}}],"inLanguage":"fr-FR"},{"@type":"Organization","@id":"https:\/\/kinderwunschzentrum-karlsruhe.de\/#organization","name":"Kinderwunschzentrum Karlsruhe MVZ GmbH","url":"https:\/\/kinderwunschzentrum-karlsruhe.de\/","logo":{"@type":"ImageObject","inLanguage":"fr-FR","@id":"https:\/\/kinderwunschzentrum-karlsruhe.de\/#\/schema\/logo\/image\/","url":"https:\/\/kinderwunschzentrum-karlsruhe.de\/wp-content\/uploads\/2024\/02\/Logo_KiWuZe.png","contentUrl":"https:\/\/kinderwunschzentrum-karlsruhe.de\/wp-content\/uploads\/2024\/02\/Logo_KiWuZe.png","width":1080,"height":1080,"caption":"Kinderwunschzentrum Karlsruhe MVZ GmbH"},"image":{"@id":"https:\/\/kinderwunschzentrum-karlsruhe.de\/#\/schema\/logo\/image\/"},"sameAs":["https:\/\/www.facebook.com\/profile.php?id=100089849155765","https:\/\/www.instagram.com\/kinderwunschzentrumkarlsruhe\/"]}]}},"_links":{"self":[{"href":"https:\/\/kinderwunschzentrum-karlsruhe.de\/fr\/wp-json\/wp\/v2\/pages\/25098580","targetHints":{"allow":["GET"]}}],"collection":[{"href":"https:\/\/kinderwunschzentrum-karlsruhe.de\/fr\/wp-json\/wp\/v2\/pages"}],"about":[{"href":"https:\/\/kinderwunschzentrum-karlsruhe.de\/fr\/wp-json\/wp\/v2\/types\/page"}],"author":[{"embeddable":true,"href":"https:\/\/kinderwunschzentrum-karlsruhe.de\/fr\/wp-json\/wp\/v2\/users\/1"}],"replies":[{"embeddable":true,"href":"https:\/\/kinderwunschzentrum-karlsruhe.de\/fr\/wp-json\/wp\/v2\/comments?post=25098580"}],"version-history":[{"count":4,"href":"https:\/\/kinderwunschzentrum-karlsruhe.de\/fr\/wp-json\/wp\/v2\/pages\/25098580\/revisions"}],"predecessor-version":[{"id":27396639,"href":"https:\/\/kinderwunschzentrum-karlsruhe.de\/fr\/wp-json\/wp\/v2\/pages\/25098580\/revisions\/27396639"}],"wp:attachment":[{"href":"https:\/\/kinderwunschzentrum-karlsruhe.de\/fr\/wp-json\/wp\/v2\/media?parent=25098580"}],"wp:term":[{"taxonomy":"dipi_cpt_category","embeddable":true,"href":"https:\/\/kinderwunschzentrum-karlsruhe.de\/fr\/wp-json\/wp\/v2\/dipi_cpt_category?post=25098580"}],"curies":[{"name":"wp","href":"https:\/\/api.w.org\/{rel}","templated":true}]}}